{"id":944,"date":"2025-04-30T12:19:02","date_gmt":"2025-04-30T10:19:02","guid":{"rendered":"https:\/\/innovationawards.sofidel.com\/tematiche\/"},"modified":"2025-05-06T09:09:13","modified_gmt":"2025-05-06T07:09:13","slug":"amnen","status":"publish","type":"page","link":"https:\/\/innovationawards.sofidel.com\/sv\/amnen\/","title":{"rendered":"\u00c4mnen"},"content":{"rendered":"<div class=\"wpb-content-wrapper\">[vc_row css_animation=&#8221;none&#8221; el_class=&#8221;riga_tematica ptd30 pbd50 ptm35 pbm35 plrm15&#8243; local_scroll_id=&#8221;safety-first&#8221;][vc_column][vc_column_text css=&#8221;&#8221; el_class=&#8221;tematica&#8221; text_align=&#8221;center&#8221; font_size=&#8221;16px&#8221; line_height=&#8221;normal&#8221; font_weight=&#8221;700&#8243; text_transform=&#8221;uppercase&#8221;]healtH &amp; safety[\/vc_column_text]<style>.vcex-icon-box.vcex_69d2625ec3ece .vcex-icon-box-content{color:#ffffff;font-size:20px;}.vcex-icon-box.vcex_69d2625ec3ece .vcex-icon-box-heading{margin-bottom:5px;color:#fbb03b;font-size:50px;font-weight:700;text-transform:capitalize;letter-spacing:-1.5px;line-height:130%;}@media (max-width:767px){.vcex-icon-box.vcex_69d2625ec3ece .vcex-icon-box-content{font-size:16px;}.vcex-icon-box.vcex_69d2625ec3ece .vcex-icon-box-heading{font-size:30px;}}@media (max-width:479px){.vcex-icon-box.vcex_69d2625ec3ece .vcex-icon-box-content{font-size:16px;}.vcex-icon-box.vcex_69d2625ec3ece .vcex-icon-box-heading{font-size:30px;}}<\/style><div class=\"vcex-module vcex-icon-box vcex-icon-box-one wpex-flex wpex-text-left tematica_icon_box mtd50 mtm35 vcex_69d2625ec3ece\"><div class=\"vcex-icon-box-symbol vcex-icon-box-symbol--image wpex-flex-shrink-0 wpex-mr-20\"><img width=\"161\" height=\"159\" src=\"https:\/\/innovationawards.sofidel.com\/wp-content\/uploads\/2025\/04\/Safety-First-Award.svg\" class=\"vcex-icon-box-image wpex-align-middle\" alt=\"\" loading=\"lazy\" decoding=\"async\" \/><\/div><div class=\"vcex-icon-box-text wpex-flex-grow\"><h2 class=\"vcex-icon-box-heading wpex-h3 wpex-m-0\">Safety First Award<\/h2><div class=\"vcex-icon-box-content wpex-last-mb-0 wpex-clr\"><p>Uppmuntrar id\u00e9er som f\u00f6rb\u00e4ttrar h\u00e4lsa- och s\u00e4kerhetspraxis p\u00e5 arbetsplatsen.<\/p>\n<p><span style=\"color: #fbb03b\">N\u00e5gra exempel:<\/span><br \/>\nnya s\u00e4kerhetsprotokoll, avancerad skyddsutrustning, utbildningsprogram, initiativ f\u00f6r mental<br \/>\nh\u00e4lsa osv.<\/p>\n<\/div><\/div><\/div>[\/vc_column][\/vc_row][vc_row css_animation=&#8221;none&#8221; el_class=&#8221;riga_tematica ptd30 pbd50 ptm35 pbm35 plrm15&#8243; local_scroll_id=&#8221;product-revolution&#8221;][vc_column][vc_column_text css=&#8221;&#8221; el_class=&#8221;tematica&#8221; text_align=&#8221;center&#8221; font_size=&#8221;16px&#8221; line_height=&#8221;normal&#8221; font_weight=&#8221;700&#8243; text_transform=&#8221;uppercase&#8221;]Product improvement[\/vc_column_text]<style>.vcex-icon-box.vcex_69d2625ec5360 .vcex-icon-box-content{color:#ffffff;font-size:20px;}.vcex-icon-box.vcex_69d2625ec5360 .vcex-icon-box-heading{margin-bottom:5px;color:#fbb03b;font-size:50px;font-weight:700;text-transform:none;letter-spacing:-1.5px;line-height:130%;}@media (max-width:767px){.vcex-icon-box.vcex_69d2625ec5360 .vcex-icon-box-content{font-size:16px;}.vcex-icon-box.vcex_69d2625ec5360 .vcex-icon-box-heading{font-size:30px;}}@media (max-width:479px){.vcex-icon-box.vcex_69d2625ec5360 .vcex-icon-box-content{font-size:16px;}.vcex-icon-box.vcex_69d2625ec5360 .vcex-icon-box-heading{font-size:30px;}}<\/style><div class=\"vcex-module vcex-icon-box vcex-icon-box-one wpex-flex wpex-text-left tematica_icon_box mtd50 mtm35 vcex_69d2625ec5360\"><div class=\"vcex-icon-box-symbol vcex-icon-box-symbol--image wpex-flex-shrink-0 wpex-mr-20\"><img width=\"159\" height=\"160\" src=\"https:\/\/innovationawards.sofidel.com\/wp-content\/uploads\/2025\/04\/Product-Revolution-Award.svg\" class=\"vcex-icon-box-image wpex-align-middle\" alt=\"\" loading=\"lazy\" decoding=\"async\" \/><\/div><div class=\"vcex-icon-box-text wpex-flex-grow\"><h2 class=\"vcex-icon-box-heading wpex-h3 wpex-m-0\">Product (R)evolution Award<\/h2><div class=\"vcex-icon-box-content wpex-last-mb-0 wpex-clr\"><p>Firar id\u00e9er som syftar till att f\u00f6rb\u00e4ttra befintliga produkter eller utveckla nya f\u00f6r att \u00f6ka kundn\u00f6jdheten och<br \/>\nmarknadens konkurrenskraft.<\/p>\n<p><span style=\"color: #efb254\">N\u00e5gra exempel:<\/span><br \/>\nytterligare funktioner, optimerad anv\u00e4ndarupplevelse, mer h\u00e5llbara l\u00f6sningar osv.<\/p>\n<\/div><\/div><\/div>[\/vc_column][\/vc_row][vc_row css_animation=&#8221;none&#8221; el_class=&#8221;riga_tematica ptd30 pbd50 ptm35 pbm35 plrm15&#8243; local_scroll_id=&#8221;efficiency-excellence&#8221;][vc_column][vc_column_text css=&#8221;&#8221; el_class=&#8221;tematica&#8221; text_align=&#8221;center&#8221; font_size=&#8221;16px&#8221; line_height=&#8221;normal&#8221; font_weight=&#8221;700&#8243; text_transform=&#8221;uppercase&#8221;]Process Improvement[\/vc_column_text]<style>.vcex-icon-box.vcex_69d2625ec60ba .vcex-icon-box-content{color:#ffffff;font-size:20px;}.vcex-icon-box.vcex_69d2625ec60ba .vcex-icon-box-heading{margin-bottom:5px;color:#fbb03b;font-size:50px;font-weight:700;text-transform:capitalize;letter-spacing:-1.5px;line-height:130%;}@media (max-width:767px){.vcex-icon-box.vcex_69d2625ec60ba .vcex-icon-box-content{font-size:16px;}.vcex-icon-box.vcex_69d2625ec60ba .vcex-icon-box-heading{font-size:30px;}}@media (max-width:479px){.vcex-icon-box.vcex_69d2625ec60ba .vcex-icon-box-content{font-size:16px;}.vcex-icon-box.vcex_69d2625ec60ba .vcex-icon-box-heading{font-size:30px;}}<\/style><div class=\"vcex-module vcex-icon-box vcex-icon-box-one wpex-flex wpex-text-left tematica_icon_box mtd50 mtm35 vcex_69d2625ec60ba\"><div class=\"vcex-icon-box-symbol vcex-icon-box-symbol--image wpex-flex-shrink-0 wpex-mr-20\"><img width=\"158\" height=\"159\" src=\"https:\/\/innovationawards.sofidel.com\/wp-content\/uploads\/2025\/04\/Efficiency-Excellence-Award.svg\" class=\"vcex-icon-box-image wpex-align-middle\" alt=\"\" loading=\"lazy\" decoding=\"async\" \/><\/div><div class=\"vcex-icon-box-text wpex-flex-grow\"><h2 class=\"vcex-icon-box-heading wpex-h3 wpex-m-0\">Efficiency Excellence Award<\/h2><div class=\"vcex-icon-box-content wpex-last-mb-0 wpex-clr\"><p>Syftar till att f\u00f6rb\u00e4ttra aff\u00e4rseffektiviteten genom att minska tid, kostnader och operationell komplexitet.<\/p>\n<p><span style=\"color: #fbb03b\">N\u00e5gra exempel:<\/span><br \/>\nautomation, nya teknologiska verktyg, optimerade operativa procedurer osv.<\/p>\n<\/div><\/div><\/div>[\/vc_column][\/vc_row][vc_row css_animation=&#8221;none&#8221; el_class=&#8221;riga_tematica ptd30 pbd50 ptm35 pbm35 plrm15&#8243; local_scroll_id=&#8221;community-spirit&#8221;][vc_column][vc_column_text css=&#8221;&#8221; el_class=&#8221;tematica&#8221; text_align=&#8221;center&#8221; font_size=&#8221;16px&#8221; line_height=&#8221;normal&#8221; font_weight=&#8221;700&#8243; text_transform=&#8221;uppercase&#8221;]Sense of Belonging[\/vc_column_text]<style>.vcex-icon-box.vcex_69d2625ec6f32 .vcex-icon-box-content{color:#ffffff;font-size:20px;}.vcex-icon-box.vcex_69d2625ec6f32 .vcex-icon-box-heading{margin-bottom:5px;color:#fbb03b;font-size:50px;font-weight:700;text-transform:capitalize;letter-spacing:-1.5px;line-height:130%;}@media (max-width:767px){.vcex-icon-box.vcex_69d2625ec6f32 .vcex-icon-box-content{font-size:16px;}.vcex-icon-box.vcex_69d2625ec6f32 .vcex-icon-box-heading{font-size:30px;}}@media (max-width:479px){.vcex-icon-box.vcex_69d2625ec6f32 .vcex-icon-box-content{font-size:16px;}.vcex-icon-box.vcex_69d2625ec6f32 .vcex-icon-box-heading{font-size:30px;}}<\/style><div class=\"vcex-module vcex-icon-box vcex-icon-box-one wpex-flex wpex-text-left tematica_icon_box mtd50 mtm35 vcex_69d2625ec6f32\"><div class=\"vcex-icon-box-symbol vcex-icon-box-symbol--image wpex-flex-shrink-0 wpex-mr-20\"><img width=\"159\" height=\"160\" src=\"https:\/\/innovationawards.sofidel.com\/wp-content\/uploads\/2025\/04\/Community-Spirit-Award.svg\" class=\"vcex-icon-box-image wpex-align-middle\" alt=\"\" loading=\"lazy\" decoding=\"async\" \/><\/div><div class=\"vcex-icon-box-text wpex-flex-grow\"><h2 class=\"vcex-icon-box-heading wpex-h3 wpex-m-0\">Community Spirit Award<\/h2><div class=\"vcex-icon-box-content wpex-last-mb-0 wpex-clr\"><p>Uppmuntrar initiativ som st\u00e4rker medarbetarengagemang och v\u00e4lbefinnande, samt fr\u00e4mjar inkludering och<br \/>\nsamarbete.<\/p>\n<p><span style=\"color: #efb254\">N\u00e5gra exempel:<\/span><br \/>\nsociala evenemang, mentorsprogram, f\u00f6rb\u00e4ttrade interna kommunikationssystem osv.<\/p>\n<\/div><\/div><\/div>[\/vc_column][\/vc_row][vc_row css_animation=&#8221;none&#8221; el_class=&#8221;riga_tematica ptd30 pbd50 ptm35 pbm35 plrm15&#8243; local_scroll_id=&#8221;green-innovator&#8221;][vc_column][vc_column_text css=&#8221;&#8221; el_class=&#8221;tematica&#8221; text_align=&#8221;center&#8221; font_size=&#8221;16px&#8221; line_height=&#8221;normal&#8221; font_weight=&#8221;700&#8243; text_transform=&#8221;uppercase&#8221;]Environmental Impact[\/vc_column_text]<style>.vcex-icon-box.vcex_69d2625ec7d9c .vcex-icon-box-content{color:#ffffff;font-size:20px;}.vcex-icon-box.vcex_69d2625ec7d9c .vcex-icon-box-heading{margin-bottom:5px;color:#fbb03b;font-size:50px;font-weight:700;text-transform:capitalize;letter-spacing:-1.5px;line-height:130%;}@media (max-width:767px){.vcex-icon-box.vcex_69d2625ec7d9c .vcex-icon-box-content{font-size:16px;}.vcex-icon-box.vcex_69d2625ec7d9c .vcex-icon-box-heading{font-size:30px;}}@media (max-width:479px){.vcex-icon-box.vcex_69d2625ec7d9c .vcex-icon-box-content{font-size:16px;}.vcex-icon-box.vcex_69d2625ec7d9c .vcex-icon-box-heading{font-size:30px;}}<\/style><div class=\"vcex-module vcex-icon-box vcex-icon-box-one wpex-flex wpex-text-left tematica_icon_box mtd50 mtm35 vcex_69d2625ec7d9c\"><div class=\"vcex-icon-box-symbol vcex-icon-box-symbol--image wpex-flex-shrink-0 wpex-mr-20\"><img width=\"157\" height=\"143\" src=\"https:\/\/innovationawards.sofidel.com\/wp-content\/uploads\/2025\/04\/Green-Innovator-Award.svg\" class=\"vcex-icon-box-image wpex-align-middle\" alt=\"\" loading=\"lazy\" decoding=\"async\" \/><\/div><div class=\"vcex-icon-box-text wpex-flex-grow\"><h2 class=\"vcex-icon-box-heading wpex-h3 wpex-m-0\">Green Innovator Award<\/h2><div class=\"vcex-icon-box-content wpex-last-mb-0 wpex-clr\"><p>Bel\u00f6nar id\u00e9er som hj\u00e4lper till att minska f\u00f6retagets milj\u00f6p\u00e5verkan och st\u00f6dja \u00f6verg\u00e5ngen till h\u00e5llbara praxis.<\/p>\n<p><span style=\"color: #efb254\">N\u00e5gra exempel:<\/span><br \/>\nminskning av avfall, energieffektivitet, resursbevarande initiativ osv.<\/p>\n<\/div><\/div><\/div>[\/vc_column][\/vc_row][vc_row css_animation=&#8221;none&#8221; el_class=&#8221;riga_tematica ptd30 pbd50 ptm35 pbm35 plrm15&#8243; local_scroll_id=&#8221;look-beyond&#8221;][vc_column][vc_column_text css=&#8221;&#8221; el_class=&#8221;tematica&#8221; text_align=&#8221;center&#8221; font_size=&#8221;16px&#8221; line_height=&#8221;normal&#8221; font_weight=&#8221;700&#8243; text_transform=&#8221;uppercase&#8221;]Strategic Vision[\/vc_column_text]<style>.vcex-icon-box.vcex_69d2625ec8bc2 .vcex-icon-box-content{color:#ffffff;font-size:20px;}.vcex-icon-box.vcex_69d2625ec8bc2 .vcex-icon-box-heading{margin-bottom:5px;color:#fbb03b;font-size:50px;font-weight:700;text-transform:capitalize;letter-spacing:-1.5px;line-height:130%;}@media (max-width:767px){.vcex-icon-box.vcex_69d2625ec8bc2 .vcex-icon-box-content{font-size:16px;}.vcex-icon-box.vcex_69d2625ec8bc2 .vcex-icon-box-heading{font-size:30px;}}@media (max-width:479px){.vcex-icon-box.vcex_69d2625ec8bc2 .vcex-icon-box-content{font-size:16px;}.vcex-icon-box.vcex_69d2625ec8bc2 .vcex-icon-box-heading{font-size:30px;}}<\/style><div class=\"vcex-module vcex-icon-box vcex-icon-box-one wpex-flex wpex-text-left tematica_icon_box mtd50 mtm35 vcex_69d2625ec8bc2\"><div class=\"vcex-icon-box-symbol vcex-icon-box-symbol--image wpex-flex-shrink-0 wpex-mr-20\"><img width=\"159\" height=\"117\" src=\"https:\/\/innovationawards.sofidel.com\/wp-content\/uploads\/2025\/04\/Look-beyond-Award.svg\" class=\"vcex-icon-box-image wpex-align-middle\" alt=\"\" loading=\"lazy\" decoding=\"async\" \/><\/div><div class=\"vcex-icon-box-text wpex-flex-grow\"><h2 class=\"vcex-icon-box-heading wpex-h3 wpex-m-0\">Look beyond Award<\/h2><div class=\"vcex-icon-box-content wpex-last-mb-0 wpex-clr\"><p>Uppmuntrar l\u00e5ngsiktiga projekt med fokus p\u00e5 innovation som f\u00f6rutser framtida marknadsbehov och<br \/>\naff\u00e4rsutveckling.<\/p>\n<p><span style=\"color: #efb254\">N\u00e5gra exempel:<\/span><br \/>\nstorskaliga projekt som involverar flera aff\u00e4rsomr\u00e5den, skalbara och modul\u00e4ra l\u00f6sningar<br \/>\nosv.<\/p>\n<\/div><\/div><\/div>[\/vc_column][\/vc_row][vc_row css_animation=&#8221;none&#8221; el_class=&#8221;riga_tematica ptd30 pbd180 ptm35 pbm70 plrm15&#8243; local_scroll_id=&#8221;up-to-you&#8221;][vc_column][vc_column_text css=&#8221;&#8221; el_class=&#8221;tematica&#8221; text_align=&#8221;center&#8221; font_size=&#8221;16px&#8221; line_height=&#8221;normal&#8221; font_weight=&#8221;700&#8243; text_transform=&#8221;uppercase&#8221;]Wildcard Wonder[\/vc_column_text]<style>.vcex-icon-box.vcex_69d2625ec99ac .vcex-icon-box-content{color:#ffffff;font-size:20px;}.vcex-icon-box.vcex_69d2625ec99ac .vcex-icon-box-heading{margin-bottom:5px;color:#fbb03b;font-size:50px;font-weight:700;text-transform:capitalize;letter-spacing:-1.5px;line-height:130%;}@media (max-width:767px){.vcex-icon-box.vcex_69d2625ec99ac .vcex-icon-box-content{font-size:16px;}.vcex-icon-box.vcex_69d2625ec99ac .vcex-icon-box-heading{font-size:30px;}}@media (max-width:479px){.vcex-icon-box.vcex_69d2625ec99ac .vcex-icon-box-content{font-size:16px;}.vcex-icon-box.vcex_69d2625ec99ac .vcex-icon-box-heading{font-size:30px;}}<\/style><div class=\"vcex-module vcex-icon-box vcex-icon-box-one wpex-flex wpex-text-left tematica_icon_box mtd50 mtm35 vcex_69d2625ec99ac\"><div class=\"vcex-icon-box-symbol vcex-icon-box-symbol--image wpex-flex-shrink-0 wpex-mr-20\"><img width=\"158\" height=\"194\" src=\"https:\/\/innovationawards.sofidel.com\/wp-content\/uploads\/2025\/04\/Up-to-You-Award.svg\" class=\"vcex-icon-box-image wpex-align-middle\" alt=\"\" loading=\"lazy\" decoding=\"async\" \/><\/div><div class=\"vcex-icon-box-text wpex-flex-grow\"><h2 class=\"vcex-icon-box-heading wpex-h3 wpex-m-0\">Up to You! Award<\/h2><div class=\"vcex-icon-box-content wpex-last-mb-0 wpex-clr\"><p>En \u00f6ppen kategori f\u00f6r innovativa id\u00e9er som inte passar in i de andra omr\u00e5dena men som tillf\u00f6r v\u00e4rde till<br \/>\nf\u00f6retaget.<\/p>\n<p><span style=\"color: #efb254\">N\u00e5gra exempel:<\/span><br \/>\nkreativa projekt, l\u00f6sningar \u201cout-of-the-box\u201d osv.<\/p>\n<\/div><\/div><\/div>[\/vc_column][\/vc_row]\n<\/div>","protected":false},"excerpt":{"rendered":"<p>[vc_row css_animation=&#8221;none&#8221; el_class=&#8221;riga_tematica ptd30 pbd50 ptm35 pbm35 plrm15&#8243; local_scroll_id=&#8221;safety-first&#8221;][vc_column][vc_column_text css=&#8221;&#8221; el_class=&#8221;tematica&#8221; text_align=&#8221;center&#8221; font_size=&#8221;16px&#8221; line_height=&#8221;normal&#8221; font_weight=&#8221;700&#8243; text_transform=&#8221;uppercase&#8221;]healtH &amp; safety[\/vc_column_text][\/vc_column][\/vc_row][vc_row css_animation=&#8221;none&#8221; el_class=&#8221;riga_tematica ptd30 pbd50 ptm35 pbm35 plrm15&#8243; local_scroll_id=&#8221;product-revolution&#8221;][vc_column][vc_column_text css=&#8221;&#8221; el_class=&#8221;tematica&#8221; text_align=&#8221;center&#8221; font_size=&#8221;16px&#8221; line_height=&#8221;normal&#8221; font_weight=&#8221;700&#8243; text_transform=&#8221;uppercase&#8221;]Product improvement[\/vc_column_text][\/vc_column][\/vc_row][vc_row css_animation=&#8221;none&#8221; el_class=&#8221;riga_tematica ptd30 pbd50 ptm35 pbm35 plrm15&#8243; local_scroll_id=&#8221;efficiency-excellence&#8221;][vc_column][vc_column_text css=&#8221;&#8221; el_class=&#8221;tematica&#8221; text_align=&#8221;center&#8221; font_size=&#8221;16px&#8221; line_height=&#8221;normal&#8221; font_weight=&#8221;700&#8243; text_transform=&#8221;uppercase&#8221;]Process Improvement[\/vc_column_text][\/vc_column][\/vc_row][vc_row css_animation=&#8221;none&#8221; el_class=&#8221;riga_tematica ptd30 pbd50 ptm35&hellip;<\/p>\n","protected":false},"author":1,"featured_media":0,"parent":0,"menu_order":0,"comment_status":"closed","ping_status":"closed","template":"","meta":{"inline_featured_image":false,"footnotes":""},"class_list":["post-944","page","type-page","status-publish","hentry","entry","no-media"],"acf":[],"_links":{"self":[{"href":"https:\/\/innovationawards.sofidel.com\/sv\/wp-json\/wp\/v2\/pages\/944","targetHints":{"allow":["GET"]}}],"collection":[{"href":"https:\/\/innovationawards.sofidel.com\/sv\/wp-json\/wp\/v2\/pages"}],"about":[{"href":"https:\/\/innovationawards.sofidel.com\/sv\/wp-json\/wp\/v2\/types\/page"}],"author":[{"embeddable":true,"href":"https:\/\/innovationawards.sofidel.com\/sv\/wp-json\/wp\/v2\/users\/1"}],"replies":[{"embeddable":true,"href":"https:\/\/innovationawards.sofidel.com\/sv\/wp-json\/wp\/v2\/comments?post=944"}],"version-history":[{"count":4,"href":"https:\/\/innovationawards.sofidel.com\/sv\/wp-json\/wp\/v2\/pages\/944\/revisions"}],"predecessor-version":[{"id":977,"href":"https:\/\/innovationawards.sofidel.com\/sv\/wp-json\/wp\/v2\/pages\/944\/revisions\/977"}],"wp:attachment":[{"href":"https:\/\/innovationawards.sofidel.com\/sv\/wp-json\/wp\/v2\/media?parent=944"}],"curies":[{"name":"wp","href":"https:\/\/api.w.org\/{rel}","templated":true}]}}