{"id":841,"date":"2021-08-24T14:50:27","date_gmt":"2021-08-24T12:50:27","guid":{"rendered":"https:\/\/innovationawards.sofidel.com\/privacy-e-cookie-policy\/"},"modified":"2025-05-07T10:10:08","modified_gmt":"2025-05-07T08:10:08","slug":"integritetspolicy-och-cookiepolicy","status":"publish","type":"page","link":"https:\/\/innovationawards.sofidel.com\/sv\/integritetspolicy-och-cookiepolicy\/","title":{"rendered":"Integritetspolicy och Cookiepolicy"},"content":{"rendered":"<div class=\"wpb-content-wrapper\">[vc_row css=&#8221;.vc_custom_1727942800141{margin-top: 40px !important;margin-bottom: 40px !important;}&#8221;][vc_column][vc_column_text css=&#8221;&#8221;]<b>Informationsblad <\/b><b><i>ex<\/i><\/b><b> art. 13 F\u00f6rordning (EU) 2016\/679 f\u00f6r behandling av personuppgifter<\/b><\/p>\n<p><span style=\"font-weight: 400;\">Detta informationsblad som utgetts enligt art. 13 i F\u00f6rordningen (EU) 2016\/679 (h\u00e4danefter, \u201c<\/span><b>GDPR<\/b><span style=\"font-weight: 400;\">\u201d) ang\u00e5ende personuppgifter som beg\u00e4rts av Sofidel S.p.a. f\u00f6r att till\u00e5ta deltagande i initiativet \u201cSofidel Innovation Award\u201d (h\u00e4danefter \u201dInitiativet\u201d).<\/span><\/p>\n<p>&nbsp;<\/p>\n<ol>\n<li><b> Innehavare av behandlingen och Ansvarig f\u00f6r dataskydden<\/b><\/li>\n<\/ol>\n<p><span style=\"font-weight: 400;\">Personuppgifterna f\u00f6r deltagaren i initiativet (h\u00e4danefter \u201cPersonuppgifter\u201d) kommer att behandlas av Sofidel S.p.A., Via Giuseppe Lazzareschi, 23 \u2013 55016 Porcari (LU), s\u00e5som innehavare av behandlingen (h\u00e4danefter \u201cSofidel\u201d eller Innehavare\u201d).<\/span><\/p>\n<p><span style=\"font-weight: 400;\">Den ansvarige f\u00f6r skydd av personuppgifterna f\u00f6r Sofidel (\u201c<\/span><b>Data Protection Officer<\/b><span style=\"font-weight: 400;\">\u201d eller \u201c<\/span><b>DPO<\/b><span style=\"font-weight: 400;\">\u201d) kan kontaktas:<\/span><\/p>\n<ul>\n<li style=\"font-weight: 400;\" aria-level=\"1\"><span style=\"font-weight: 400;\">via e-post p\u00e5 adressen: <\/span><b><i>\u00a0dpo.holding@sofidel.com<\/i><\/b><span style=\"font-weight: 400;\">.<\/span><\/li>\n<li style=\"font-weight: 400;\" aria-level=\"1\"><span style=\"font-weight: 400;\">via ordin\u00e4r post p\u00e5 adressen som anges ovan.<\/span><\/li>\n<\/ul>\n<p>&nbsp;<\/p>\n<ol start=\"2\">\n<li><b> Typer av data f\u00f6r behandlingsf\u00f6rem\u00e5l<\/b><\/li>\n<\/ol>\n<p><span style=\"font-weight: 400;\">Personuppgifter som behandlas av Innehavaren inkluderar namn och efternamn.\u00a0<\/span><\/p>\n<p>&nbsp;<\/p>\n<ol start=\"3\">\n<li><b> \u00c4ndam\u00e5l och r\u00e4ttslig grund f\u00f6r behandling av personuppgifter<\/b><\/li>\n<\/ol>\n<p><span style=\"font-weight: 400;\">Personuppgifterna kommer att behandlas f\u00f6r att hantera f\u00f6rfr\u00e5gan om deltagande i Initiativet. Den r\u00e4ttsliga grunden till behandlingen \u00e4r uppr\u00e4ttad fr\u00e5n art. 6, par. 1, bokst. b) i GDPR, det vill s\u00e4ga den ber\u00f6rdes f\u00f6rfr\u00e5gan. \u00d6verl\u00e4mnandet av personuppgifter \u00e4r frivilligt men i fall att det saknas, kommer du inte att kunna delta i Initiativet.<\/span><\/p>\n<p><span style=\"font-weight: 400;\">D\u00e5 uppgifterna \u00f6verl\u00e4mnats kan de behandlas \u00e4ven f\u00f6r f\u00f6ljande \u00e4ndam\u00e5l:<\/span><\/p>\n<p><span style=\"font-weight: 400;\">&#8211; fullg\u00f6randet av eventuella normativa skyldigheter som Innehavaren \u00e4r f\u00f6rem\u00e5l f\u00f6r; den r\u00e4ttsliga grunden f\u00f6r behandlingen representeras av art. 6, par. 1, bokst. c) i F\u00f6rordningen, det vill s\u00e4ga f\u00f6rekomsten av en lagskyldighet;<\/span><\/p>\n<p><span style=\"font-weight: 400;\">&#8211; eventuella \u00e4ndam\u00e5l av f\u00f6rsvarskarakt\u00e4r; den r\u00e4ttsliga grunden ska identifieras i art 6, par. 1, bokst. f) i F\u00f6rordningen det vill s\u00e4ga krav p\u00e5 r\u00e4ttshj\u00e4lp.<\/span><\/p>\n<p>&nbsp;<\/p>\n<ol start=\"4\">\n<li><b> F\u00f6rvaring av personuppgifter<\/b><\/li>\n<\/ol>\n<p><span style=\"font-weight: 400;\">Personuppgifterna kommer endast att f\u00f6rvaras under n\u00f6dv\u00e4ndig tid f\u00f6r de syften f\u00f6r vilka de insamlats, det vill s\u00e4ga till och med 2025\/12\/31 varefter de raderas slutgiltigt.\u00a0<\/span><\/p>\n<p>&nbsp;<\/p>\n<ol start=\"5\">\n<li><b> Mottagare av personuppgifterna<\/b><\/li>\n<\/ol>\n<p><span style=\"font-weight: 400;\">Personuppgifterna kommer att kunna delas med:<\/span><\/p>\n<ul>\n<li style=\"font-weight: 400;\" aria-level=\"1\"><span style=\"font-weight: 400;\">personer som agerar typiskt s\u00e5som ansvariga f\u00f6r behandlingen enligt art. 28 i GDPR (t.ex. Mentarossa, Via Provinciale Lungomonte 33, leveransf\u00f6retag till vilken Innehavaren anf\u00f6rtror v\u00e5rd och hantering av Initiativet);<\/span><\/li>\n<li style=\"font-weight: 400;\" aria-level=\"1\"><span style=\"font-weight: 400;\">Personal som \u00e4r beh\u00f6rig f\u00f6r behandlingen av uppgifterna enligt art. 29 i GDPR;<\/span><\/li>\n<li style=\"font-weight: 400;\" aria-level=\"1\"><span style=\"font-weight: 400;\">F\u00f6retag inom gruppen Sofidel, s\u00e5som autonoma innehavare av behandlingen, f\u00f6r administrativa-bokf\u00f6rings-\u00e4ndam\u00e5l p\u00e5 basis av ber\u00e4ttigat intresse enligt 6, par.1, f) och sk\u00e4len 47 och 48 i F\u00f6rordningen;<\/span><\/li>\n<li style=\"font-weight: 400;\" aria-level=\"1\"><span style=\"font-weight: 400;\">F\u00f6rem\u00e5l, f\u00f6retag eller myndigheter, autonoma innehavare av behandlingen, vilka \u00e4r skyldiga att kommunicera personuppgifter enligt lagbest\u00e4mmelser eller myndigheters order.<\/span><\/li>\n<\/ul>\n<p>&nbsp;<\/p>\n<p><span style=\"font-weight: 400;\">Den uppdaterade och fullst\u00e4ndiga listan \u00f6ver mottagare av personuppgifter finns hos Innehavarens r\u00e4ttsliga s\u00e4te och kan hur som helst beg\u00e4ras av Innehavaren och Dataskyddsombud p\u00e5 ovan n\u00e4mnda adresser.<\/span><\/p>\n<p>&nbsp;<\/p>\n<ol start=\"4\">\n<li><b> \u00d6verf\u00f6ring av personuppgifter utanf\u00f6r EU<\/b><\/li>\n<\/ol>\n<p><span style=\"font-weight: 400;\">Innehavaren meddelar att personuppgifterna inte kommer att \u00f6verf\u00f6ras utanf\u00f6r Europunionens territorium.<\/span><\/p>\n<p>&nbsp;<\/p>\n<ol start=\"5\">\n<li><b> S\u00e4tt att behandla personuppgifterna<\/b><\/li>\n<\/ol>\n<p><span style=\"font-weight: 400;\">Behandlingen av personuppgifterna sker via informatiska supporter och\/eller instrument, manuella och\/eller telematiska, med logik strikt relaterad till behandlingens syften och hur som helst genom att garantera sekretess och s\u00e4kerhet av sj\u00e4lva uppgifterna och med respekt f\u00f6r F\u00f6rordningen och dataskyddsombudets f\u00f6rfaranden f\u00f6r skydd av till\u00e4mpliga personuppgifter.\u00a0<\/span><\/p>\n<p>&nbsp;<\/p>\n<ol start=\"6\">\n<li><b> Den ber\u00f6rdes r\u00e4ttigheter<\/b><\/li>\n<\/ol>\n<p><span style=\"font-weight: 400;\">Den ber\u00f6rde har r\u00e4tt att n\u00e4r som helst g\u00e5 in p\u00e5 de personuppgifter som r\u00f6r denne enligt artiklar 15-22 GDPR. I synnerhet kan denna beg\u00e4ra r\u00e4ttelse, radering, begr\u00e4nsning av behandlingen av de samma i de fall som f\u00f6rutses av art. 18 i GDPR, \u00e5terkallande av medgivandet, f\u00f6r att erh\u00e5lla avkall f\u00f6r de uppgifter som r\u00f6r denne i de fall som f\u00f6rutses av art. 20 i GDPR.\u00a0<\/span><\/p>\n<p><span style=\"font-weight: 400;\">Den ber\u00f6rde kan \u00e4ven formulera en beg\u00e4ran om opposition till behandlingen av sina uppgifter <\/span><i><span style=\"font-weight: 400;\">ex<\/span><\/i><span style=\"font-weight: 400;\"> art. 21 i GDPR d\u00e4r markering ges av orsakerna som motiverar oppositionen; Innehavaren reserverar sig att bed\u00f6ma denna beg\u00e4ran, som kanske inte godtages i fall att lagliga bindande sk\u00e4l existerar f\u00f6r att g\u00e5 vidare med behandlingen som f\u00f6retr\u00e4der dennes intressen, r\u00e4ttigheter och frihet.\u00a0<\/span><\/p>\n<p><span style=\"font-weight: 400;\">Ans\u00f6kningarna m\u00e5ste l\u00e4mnas skriftligen till Innehavaren eller dataskyddsombudet vid ovan n\u00e4mnda adresser.<\/span><\/p>\n<p>&nbsp;<\/p>\n<ol start=\"7\">\n<li><b> Klagom\u00e5l till skyddsombudet\u00a0<\/b><\/li>\n<\/ol>\n<p><span style=\"font-weight: 400;\">Om den ber\u00f6rde anser att behandlingen av de personuppgifter som utf\u00f6rts av Innehavaren sker i \u00f6vertr\u00e4delse med vad som f\u00f6rutses av GDPR, har denne r\u00e4ttighet att l\u00e4mna klagom\u00e5l till skyddsombudets myndighet f\u00f6r skydd av personuppgifter, som f\u00f6rutses av art. 77 i GDPR, eller v\u00e4cka talan vid l\u00e4mpliga juridiska s\u00e4ten enligt art. 79 i GDPR.<\/span>[\/vc_column_text][\/vc_column][\/vc_row][vc_row css=&#8221;.vc_custom_1746604529568{margin-top: 40px !important;margin-bottom: 40px !important;}&#8221;][vc_column el_class=&#8221;white&#8221;][vc_raw_html css=&#8221;&#8221;]JTNDZGl2JTIwY2xhc3MlM0QlMjJ3aGl0ZSUyMHVjLWVtYmVkJTIyJTNFJTNDJTJGZGl2JTNF[\/vc_raw_html][\/vc_column][\/vc_row]\n<\/div>","protected":false},"excerpt":{"rendered":"<p>[vc_row css=&#8221;.vc_custom_1727942800141{margin-top: 40px !important;margin-bottom: 40px !important;}&#8221;][vc_column][vc_column_text css=&#8221;&#8221;]Informationsblad ex art. 13 F\u00f6rordning (EU) 2016\/679 f\u00f6r behandling av personuppgifter Detta informationsblad som utgetts enligt art. 13 i F\u00f6rordningen (EU) 2016\/679 (h\u00e4danefter, \u201cGDPR\u201d) ang\u00e5ende personuppgifter som beg\u00e4rts av Sofidel S.p.a. f\u00f6r att till\u00e5ta deltagande i initiativet \u201cSofidel Innovation Award\u201d (h\u00e4danefter \u201dInitiativet\u201d). &nbsp; Innehavare av behandlingen och Ansvarig f\u00f6r&hellip;<\/p>\n","protected":false},"author":1,"featured_media":0,"parent":0,"menu_order":0,"comment_status":"closed","ping_status":"open","template":"","meta":{"inline_featured_image":false,"footnotes":""},"class_list":["post-841","page","type-page","status-publish","hentry","entry","no-media"],"acf":[],"_links":{"self":[{"href":"https:\/\/innovationawards.sofidel.com\/sv\/wp-json\/wp\/v2\/pages\/841","targetHints":{"allow":["GET"]}}],"collection":[{"href":"https:\/\/innovationawards.sofidel.com\/sv\/wp-json\/wp\/v2\/pages"}],"about":[{"href":"https:\/\/innovationawards.sofidel.com\/sv\/wp-json\/wp\/v2\/types\/page"}],"author":[{"embeddable":true,"href":"https:\/\/innovationawards.sofidel.com\/sv\/wp-json\/wp\/v2\/users\/1"}],"replies":[{"embeddable":true,"href":"https:\/\/innovationawards.sofidel.com\/sv\/wp-json\/wp\/v2\/comments?post=841"}],"version-history":[{"count":4,"href":"https:\/\/innovationawards.sofidel.com\/sv\/wp-json\/wp\/v2\/pages\/841\/revisions"}],"predecessor-version":[{"id":1074,"href":"https:\/\/innovationawards.sofidel.com\/sv\/wp-json\/wp\/v2\/pages\/841\/revisions\/1074"}],"wp:attachment":[{"href":"https:\/\/innovationawards.sofidel.com\/sv\/wp-json\/wp\/v2\/media?parent=841"}],"curies":[{"name":"wp","href":"https:\/\/api.w.org\/{rel}","templated":true}]}}