{"id":924,"date":"2025-04-30T12:19:02","date_gmt":"2025-04-30T10:19:02","guid":{"rendered":"https:\/\/innovationawards.sofidel.com\/tematiche\/"},"modified":"2025-05-06T09:08:02","modified_gmt":"2025-05-06T07:08:02","slug":"subiecte","status":"publish","type":"page","link":"https:\/\/innovationawards.sofidel.com\/ro\/subiecte\/","title":{"rendered":"Subiecte"},"content":{"rendered":"<div class=\"wpb-content-wrapper\">[vc_row css_animation=&#8221;none&#8221; el_class=&#8221;riga_tematica ptd30 pbd50 ptm35 pbm35 plrm15&#8243; local_scroll_id=&#8221;safety-first&#8221;][vc_column][vc_column_text css=&#8221;&#8221; el_class=&#8221;tematica&#8221; text_align=&#8221;center&#8221; font_size=&#8221;16px&#8221; line_height=&#8221;normal&#8221; font_weight=&#8221;700&#8243; text_transform=&#8221;uppercase&#8221;]healtH &amp; safety[\/vc_column_text]<style>.vcex-icon-box.vcex_69d26233cb6ed .vcex-icon-box-content{color:#ffffff;font-size:20px;}.vcex-icon-box.vcex_69d26233cb6ed .vcex-icon-box-heading{margin-bottom:5px;color:#fbb03b;font-size:50px;font-weight:700;text-transform:capitalize;letter-spacing:-1.5px;line-height:130%;}@media (max-width:767px){.vcex-icon-box.vcex_69d26233cb6ed .vcex-icon-box-content{font-size:16px;}.vcex-icon-box.vcex_69d26233cb6ed .vcex-icon-box-heading{font-size:30px;}}@media (max-width:479px){.vcex-icon-box.vcex_69d26233cb6ed .vcex-icon-box-content{font-size:16px;}.vcex-icon-box.vcex_69d26233cb6ed .vcex-icon-box-heading{font-size:30px;}}<\/style><div class=\"vcex-module vcex-icon-box vcex-icon-box-one wpex-flex wpex-text-left tematica_icon_box mtd50 mtm35 vcex_69d26233cb6ed\"><div class=\"vcex-icon-box-symbol vcex-icon-box-symbol--image wpex-flex-shrink-0 wpex-mr-20\"><img width=\"161\" height=\"159\" src=\"https:\/\/innovationawards.sofidel.com\/wp-content\/uploads\/2025\/04\/Safety-First-Award.svg\" class=\"vcex-icon-box-image wpex-align-middle\" alt=\"\" loading=\"lazy\" decoding=\"async\" \/><\/div><div class=\"vcex-icon-box-text wpex-flex-grow\"><h2 class=\"vcex-icon-box-heading wpex-h3 wpex-m-0\">Safety First Award<\/h2><div class=\"vcex-icon-box-content wpex-last-mb-0 wpex-clr\"><p>\u00cencurajeaz\u0103 idei care \u00eembun\u0103t\u0103\u021besc practicile de s\u0103n\u0103tate \u0219i siguran\u021b\u0103 la locul de munc\u0103.<\/p>\n<p><span style=\"color: #fbb03b\">C\u00e2teva exemple:<\/span><br \/>\nnoi protocoale de siguran\u021b\u0103, echipamente de protec\u021bie avansate, programe de formare,<br \/>\nini\u021biative pentru bun\u0103starea mintal\u0103 etc.<\/p>\n<\/div><\/div><\/div>[\/vc_column][\/vc_row][vc_row css_animation=&#8221;none&#8221; el_class=&#8221;riga_tematica ptd30 pbd50 ptm35 pbm35 plrm15&#8243; local_scroll_id=&#8221;product-revolution&#8221;][vc_column][vc_column_text css=&#8221;&#8221; el_class=&#8221;tematica&#8221; text_align=&#8221;center&#8221; font_size=&#8221;16px&#8221; line_height=&#8221;normal&#8221; font_weight=&#8221;700&#8243; text_transform=&#8221;uppercase&#8221;]Product improvement[\/vc_column_text]<style>.vcex-icon-box.vcex_69d26233cd146 .vcex-icon-box-content{color:#ffffff;font-size:20px;}.vcex-icon-box.vcex_69d26233cd146 .vcex-icon-box-heading{margin-bottom:5px;color:#fbb03b;font-size:50px;font-weight:700;text-transform:none;letter-spacing:-1.5px;line-height:130%;}@media (max-width:767px){.vcex-icon-box.vcex_69d26233cd146 .vcex-icon-box-content{font-size:16px;}.vcex-icon-box.vcex_69d26233cd146 .vcex-icon-box-heading{font-size:30px;}}@media (max-width:479px){.vcex-icon-box.vcex_69d26233cd146 .vcex-icon-box-content{font-size:16px;}.vcex-icon-box.vcex_69d26233cd146 .vcex-icon-box-heading{font-size:30px;}}<\/style><div class=\"vcex-module vcex-icon-box vcex-icon-box-one wpex-flex wpex-text-left tematica_icon_box mtd50 mtm35 vcex_69d26233cd146\"><div class=\"vcex-icon-box-symbol vcex-icon-box-symbol--image wpex-flex-shrink-0 wpex-mr-20\"><img width=\"159\" height=\"160\" src=\"https:\/\/innovationawards.sofidel.com\/wp-content\/uploads\/2025\/04\/Product-Revolution-Award.svg\" class=\"vcex-icon-box-image wpex-align-middle\" alt=\"\" loading=\"lazy\" decoding=\"async\" \/><\/div><div class=\"vcex-icon-box-text wpex-flex-grow\"><h2 class=\"vcex-icon-box-heading wpex-h3 wpex-m-0\">Product (R)evolution Award<\/h2><div class=\"vcex-icon-box-content wpex-last-mb-0 wpex-clr\"><p>Premiaz\u0103 idei care vizeaz\u0103 \u00eembun\u0103t\u0103\u021birea produselor existente sau dezvoltarea unora noi, pentru a cre\u0219te<br \/>\nsatisfac\u021bia clien\u021bilor \u0219i competitivitatea pe pia\u021b\u0103.<\/p>\n<p><span style=\"color: #efb254\">C\u00e2teva exemple:<\/span><br \/>\nfunc\u021bionalit\u0103\u021bi suplimentare, experien\u021b\u0103 \u00eembun\u0103t\u0103\u021bit\u0103 pentru utilizator, solu\u021bii mai<br \/>\nsustenabile etc.<\/p>\n<\/div><\/div><\/div>[\/vc_column][\/vc_row][vc_row css_animation=&#8221;none&#8221; el_class=&#8221;riga_tematica ptd30 pbd50 ptm35 pbm35 plrm15&#8243; local_scroll_id=&#8221;efficiency-excellence&#8221;][vc_column][vc_column_text css=&#8221;&#8221; el_class=&#8221;tematica&#8221; text_align=&#8221;center&#8221; font_size=&#8221;16px&#8221; line_height=&#8221;normal&#8221; font_weight=&#8221;700&#8243; text_transform=&#8221;uppercase&#8221;]Process Improvement[\/vc_column_text]<style>.vcex-icon-box.vcex_69d26233ce482 .vcex-icon-box-content{color:#ffffff;font-size:20px;}.vcex-icon-box.vcex_69d26233ce482 .vcex-icon-box-heading{margin-bottom:5px;color:#fbb03b;font-size:50px;font-weight:700;text-transform:capitalize;letter-spacing:-1.5px;line-height:130%;}@media (max-width:767px){.vcex-icon-box.vcex_69d26233ce482 .vcex-icon-box-content{font-size:16px;}.vcex-icon-box.vcex_69d26233ce482 .vcex-icon-box-heading{font-size:30px;}}@media (max-width:479px){.vcex-icon-box.vcex_69d26233ce482 .vcex-icon-box-content{font-size:16px;}.vcex-icon-box.vcex_69d26233ce482 .vcex-icon-box-heading{font-size:30px;}}<\/style><div class=\"vcex-module vcex-icon-box vcex-icon-box-one wpex-flex wpex-text-left tematica_icon_box mtd50 mtm35 vcex_69d26233ce482\"><div class=\"vcex-icon-box-symbol vcex-icon-box-symbol--image wpex-flex-shrink-0 wpex-mr-20\"><img width=\"158\" height=\"159\" src=\"https:\/\/innovationawards.sofidel.com\/wp-content\/uploads\/2025\/04\/Efficiency-Excellence-Award.svg\" class=\"vcex-icon-box-image wpex-align-middle\" alt=\"\" loading=\"lazy\" decoding=\"async\" \/><\/div><div class=\"vcex-icon-box-text wpex-flex-grow\"><h2 class=\"vcex-icon-box-heading wpex-h3 wpex-m-0\">Efficiency Excellence Award<\/h2><div class=\"vcex-icon-box-content wpex-last-mb-0 wpex-clr\"><p>Vizeaz\u0103 cre\u0219terea eficien\u021bei activit\u0103\u021bii prin reducerea timpului, costurilor \u0219i a complexit\u0103\u021bii opera\u021bionale.<\/p>\n<p><span style=\"color: #fbb03b\">C\u00e2teva exemple:<\/span><br \/>\nautomatiz\u0103ri, instrumente tehnologice noi, proceduri opera\u021bionale optimizate etc.<\/p>\n<\/div><\/div><\/div>[\/vc_column][\/vc_row][vc_row css_animation=&#8221;none&#8221; el_class=&#8221;riga_tematica ptd30 pbd50 ptm35 pbm35 plrm15&#8243; local_scroll_id=&#8221;community-spirit&#8221;][vc_column][vc_column_text css=&#8221;&#8221; el_class=&#8221;tematica&#8221; text_align=&#8221;center&#8221; font_size=&#8221;16px&#8221; line_height=&#8221;normal&#8221; font_weight=&#8221;700&#8243; text_transform=&#8221;uppercase&#8221;]Sense of Belonging[\/vc_column_text]<style>.vcex-icon-box.vcex_69d26233cf654 .vcex-icon-box-content{color:#ffffff;font-size:20px;}.vcex-icon-box.vcex_69d26233cf654 .vcex-icon-box-heading{margin-bottom:5px;color:#fbb03b;font-size:50px;font-weight:700;text-transform:capitalize;letter-spacing:-1.5px;line-height:130%;}@media (max-width:767px){.vcex-icon-box.vcex_69d26233cf654 .vcex-icon-box-content{font-size:16px;}.vcex-icon-box.vcex_69d26233cf654 .vcex-icon-box-heading{font-size:30px;}}@media (max-width:479px){.vcex-icon-box.vcex_69d26233cf654 .vcex-icon-box-content{font-size:16px;}.vcex-icon-box.vcex_69d26233cf654 .vcex-icon-box-heading{font-size:30px;}}<\/style><div class=\"vcex-module vcex-icon-box vcex-icon-box-one wpex-flex wpex-text-left tematica_icon_box mtd50 mtm35 vcex_69d26233cf654\"><div class=\"vcex-icon-box-symbol vcex-icon-box-symbol--image wpex-flex-shrink-0 wpex-mr-20\"><img width=\"159\" height=\"160\" src=\"https:\/\/innovationawards.sofidel.com\/wp-content\/uploads\/2025\/04\/Community-Spirit-Award.svg\" class=\"vcex-icon-box-image wpex-align-middle\" alt=\"\" loading=\"lazy\" decoding=\"async\" \/><\/div><div class=\"vcex-icon-box-text wpex-flex-grow\"><h2 class=\"vcex-icon-box-heading wpex-h3 wpex-m-0\">Community Spirit Award<\/h2><div class=\"vcex-icon-box-content wpex-last-mb-0 wpex-clr\"><p>\u00cencurajeaz\u0103 ini\u021biative care consolideaz\u0103 implicarea angaja\u021bilor \u0219i bun\u0103starea acestora, promov\u00e2nd incluziunea<br \/>\n\u0219i colaborarea.<\/p>\n<p><span style=\"color: #efb254\">C\u00e2teva exemple:<\/span><br \/>\nevenimente sociale, programe de mentorat, sisteme \u00eembun\u0103t\u0103\u021bite de comunicare intern\u0103 etc.<\/p>\n<\/div><\/div><\/div>[\/vc_column][\/vc_row][vc_row css_animation=&#8221;none&#8221; el_class=&#8221;riga_tematica ptd30 pbd50 ptm35 pbm35 plrm15&#8243; local_scroll_id=&#8221;green-innovator&#8221;][vc_column][vc_column_text css=&#8221;&#8221; el_class=&#8221;tematica&#8221; text_align=&#8221;center&#8221; font_size=&#8221;16px&#8221; line_height=&#8221;normal&#8221; font_weight=&#8221;700&#8243; text_transform=&#8221;uppercase&#8221;]Environmental Impact[\/vc_column_text]<style>.vcex-icon-box.vcex_69d26233d08b9 .vcex-icon-box-content{color:#ffffff;font-size:20px;}.vcex-icon-box.vcex_69d26233d08b9 .vcex-icon-box-heading{margin-bottom:5px;color:#fbb03b;font-size:50px;font-weight:700;text-transform:capitalize;letter-spacing:-1.5px;line-height:130%;}@media (max-width:767px){.vcex-icon-box.vcex_69d26233d08b9 .vcex-icon-box-content{font-size:16px;}.vcex-icon-box.vcex_69d26233d08b9 .vcex-icon-box-heading{font-size:30px;}}@media (max-width:479px){.vcex-icon-box.vcex_69d26233d08b9 .vcex-icon-box-content{font-size:16px;}.vcex-icon-box.vcex_69d26233d08b9 .vcex-icon-box-heading{font-size:30px;}}<\/style><div class=\"vcex-module vcex-icon-box vcex-icon-box-one wpex-flex wpex-text-left tematica_icon_box mtd50 mtm35 vcex_69d26233d08b9\"><div class=\"vcex-icon-box-symbol vcex-icon-box-symbol--image wpex-flex-shrink-0 wpex-mr-20\"><img width=\"157\" height=\"143\" src=\"https:\/\/innovationawards.sofidel.com\/wp-content\/uploads\/2025\/04\/Green-Innovator-Award.svg\" class=\"vcex-icon-box-image wpex-align-middle\" alt=\"\" loading=\"lazy\" decoding=\"async\" \/><\/div><div class=\"vcex-icon-box-text wpex-flex-grow\"><h2 class=\"vcex-icon-box-heading wpex-h3 wpex-m-0\">Green Innovator Award<\/h2><div class=\"vcex-icon-box-content wpex-last-mb-0 wpex-clr\"><p>R\u0103spl\u0103te\u0219te ideile care contribuie la reducerea amprentei de mediu a companiei, sprijinind tranzi\u021bia c\u0103tre<br \/>\npractici sustenabile.<\/p>\n<p><span style=\"color: #efb254\">C\u00e2teva exemple:<\/span><br \/>\nreducerea de\u0219eurilor, eficien\u021b\u0103 energetic\u0103, ini\u021biative de conservare a resurselor etc.<\/p>\n<\/div><\/div><\/div>[\/vc_column][\/vc_row][vc_row css_animation=&#8221;none&#8221; el_class=&#8221;riga_tematica ptd30 pbd50 ptm35 pbm35 plrm15&#8243; local_scroll_id=&#8221;look-beyond&#8221;][vc_column][vc_column_text css=&#8221;&#8221; el_class=&#8221;tematica&#8221; text_align=&#8221;center&#8221; font_size=&#8221;16px&#8221; line_height=&#8221;normal&#8221; font_weight=&#8221;700&#8243; text_transform=&#8221;uppercase&#8221;]Strategic Vision[\/vc_column_text]<style>.vcex-icon-box.vcex_69d26233d1b77 .vcex-icon-box-content{color:#ffffff;font-size:20px;}.vcex-icon-box.vcex_69d26233d1b77 .vcex-icon-box-heading{margin-bottom:5px;color:#fbb03b;font-size:50px;font-weight:700;text-transform:capitalize;letter-spacing:-1.5px;line-height:130%;}@media (max-width:767px){.vcex-icon-box.vcex_69d26233d1b77 .vcex-icon-box-content{font-size:16px;}.vcex-icon-box.vcex_69d26233d1b77 .vcex-icon-box-heading{font-size:30px;}}@media (max-width:479px){.vcex-icon-box.vcex_69d26233d1b77 .vcex-icon-box-content{font-size:16px;}.vcex-icon-box.vcex_69d26233d1b77 .vcex-icon-box-heading{font-size:30px;}}<\/style><div class=\"vcex-module vcex-icon-box vcex-icon-box-one wpex-flex wpex-text-left tematica_icon_box mtd50 mtm35 vcex_69d26233d1b77\"><div class=\"vcex-icon-box-symbol vcex-icon-box-symbol--image wpex-flex-shrink-0 wpex-mr-20\"><img width=\"159\" height=\"117\" src=\"https:\/\/innovationawards.sofidel.com\/wp-content\/uploads\/2025\/04\/Look-beyond-Award.svg\" class=\"vcex-icon-box-image wpex-align-middle\" alt=\"\" loading=\"lazy\" decoding=\"async\" \/><\/div><div class=\"vcex-icon-box-text wpex-flex-grow\"><h2 class=\"vcex-icon-box-heading wpex-h3 wpex-m-0\">Look beyond Award<\/h2><div class=\"vcex-icon-box-content wpex-last-mb-0 wpex-clr\"><p>\u00cencurajeaz\u0103 proiectele de inova\u021bie pe termen lung care anticipeaz\u0103 nevoile viitoare ale pie\u021bei \u0219i evolu\u021bia<br \/>\nafacerii.<\/p>\n<p><span style=\"color: #efb254\">C\u00e2teva exemple:<\/span><br \/>\nproiecte de amploare care implic\u0103 mai multe arii de business, solu\u021bii scalabile \u0219i modulare<br \/>\netc.<\/p>\n<\/div><\/div><\/div>[\/vc_column][\/vc_row][vc_row css_animation=&#8221;none&#8221; el_class=&#8221;riga_tematica ptd30 pbd180 ptm35 pbm70 plrm15&#8243; local_scroll_id=&#8221;up-to-you&#8221;][vc_column][vc_column_text css=&#8221;&#8221; el_class=&#8221;tematica&#8221; text_align=&#8221;center&#8221; font_size=&#8221;16px&#8221; line_height=&#8221;normal&#8221; font_weight=&#8221;700&#8243; text_transform=&#8221;uppercase&#8221;]Wildcard Wonder[\/vc_column_text]<style>.vcex-icon-box.vcex_69d26233d2fa1 .vcex-icon-box-content{color:#ffffff;font-size:20px;}.vcex-icon-box.vcex_69d26233d2fa1 .vcex-icon-box-heading{margin-bottom:5px;color:#fbb03b;font-size:50px;font-weight:700;text-transform:capitalize;letter-spacing:-1.5px;line-height:130%;}@media (max-width:767px){.vcex-icon-box.vcex_69d26233d2fa1 .vcex-icon-box-content{font-size:16px;}.vcex-icon-box.vcex_69d26233d2fa1 .vcex-icon-box-heading{font-size:30px;}}@media (max-width:479px){.vcex-icon-box.vcex_69d26233d2fa1 .vcex-icon-box-content{font-size:16px;}.vcex-icon-box.vcex_69d26233d2fa1 .vcex-icon-box-heading{font-size:30px;}}<\/style><div class=\"vcex-module vcex-icon-box vcex-icon-box-one wpex-flex wpex-text-left tematica_icon_box mtd50 mtm35 vcex_69d26233d2fa1\"><div class=\"vcex-icon-box-symbol vcex-icon-box-symbol--image wpex-flex-shrink-0 wpex-mr-20\"><img width=\"158\" height=\"194\" src=\"https:\/\/innovationawards.sofidel.com\/wp-content\/uploads\/2025\/04\/Up-to-You-Award.svg\" class=\"vcex-icon-box-image wpex-align-middle\" alt=\"\" loading=\"lazy\" decoding=\"async\" \/><\/div><div class=\"vcex-icon-box-text wpex-flex-grow\"><h2 class=\"vcex-icon-box-heading wpex-h3 wpex-m-0\">Up to You! Award<\/h2><div class=\"vcex-icon-box-content wpex-last-mb-0 wpex-clr\"><p>Categorie deschis\u0103 pentru idei inovatoare care nu se \u00eencadreaz\u0103 \u00een celelalte arii tematice, dar aduc valoare<br \/>\ncompaniei.<\/p>\n<p><span style=\"color: #efb254\">C\u00e2teva exemple:<\/span><br \/>\nproiecte creative, solu\u021bii neconven\u021bionale etc.<\/p>\n<\/div><\/div><\/div>[\/vc_column][\/vc_row]\n<\/div>","protected":false},"excerpt":{"rendered":"<p>[vc_row css_animation=&#8221;none&#8221; el_class=&#8221;riga_tematica ptd30 pbd50 ptm35 pbm35 plrm15&#8243; local_scroll_id=&#8221;safety-first&#8221;][vc_column][vc_column_text css=&#8221;&#8221; el_class=&#8221;tematica&#8221; text_align=&#8221;center&#8221; font_size=&#8221;16px&#8221; line_height=&#8221;normal&#8221; font_weight=&#8221;700&#8243; text_transform=&#8221;uppercase&#8221;]healtH &amp; safety[\/vc_column_text][\/vc_column][\/vc_row][vc_row css_animation=&#8221;none&#8221; el_class=&#8221;riga_tematica ptd30 pbd50 ptm35 pbm35 plrm15&#8243; local_scroll_id=&#8221;product-revolution&#8221;][vc_column][vc_column_text css=&#8221;&#8221; el_class=&#8221;tematica&#8221; text_align=&#8221;center&#8221; font_size=&#8221;16px&#8221; line_height=&#8221;normal&#8221; font_weight=&#8221;700&#8243; text_transform=&#8221;uppercase&#8221;]Product improvement[\/vc_column_text][\/vc_column][\/vc_row][vc_row css_animation=&#8221;none&#8221; el_class=&#8221;riga_tematica ptd30 pbd50 ptm35 pbm35 plrm15&#8243; local_scroll_id=&#8221;efficiency-excellence&#8221;][vc_column][vc_column_text css=&#8221;&#8221; el_class=&#8221;tematica&#8221; text_align=&#8221;center&#8221; font_size=&#8221;16px&#8221; line_height=&#8221;normal&#8221; font_weight=&#8221;700&#8243; text_transform=&#8221;uppercase&#8221;]Process Improvement[\/vc_column_text][\/vc_column][\/vc_row][vc_row css_animation=&#8221;none&#8221; el_class=&#8221;riga_tematica ptd30 pbd50 ptm35&hellip;<\/p>\n","protected":false},"author":1,"featured_media":0,"parent":0,"menu_order":0,"comment_status":"closed","ping_status":"closed","template":"","meta":{"inline_featured_image":false,"footnotes":""},"class_list":["post-924","page","type-page","status-publish","hentry","entry","no-media"],"acf":[],"_links":{"self":[{"href":"https:\/\/innovationawards.sofidel.com\/ro\/wp-json\/wp\/v2\/pages\/924","targetHints":{"allow":["GET"]}}],"collection":[{"href":"https:\/\/innovationawards.sofidel.com\/ro\/wp-json\/wp\/v2\/pages"}],"about":[{"href":"https:\/\/innovationawards.sofidel.com\/ro\/wp-json\/wp\/v2\/types\/page"}],"author":[{"embeddable":true,"href":"https:\/\/innovationawards.sofidel.com\/ro\/wp-json\/wp\/v2\/users\/1"}],"replies":[{"embeddable":true,"href":"https:\/\/innovationawards.sofidel.com\/ro\/wp-json\/wp\/v2\/comments?post=924"}],"version-history":[{"count":4,"href":"https:\/\/innovationawards.sofidel.com\/ro\/wp-json\/wp\/v2\/pages\/924\/revisions"}],"predecessor-version":[{"id":928,"href":"https:\/\/innovationawards.sofidel.com\/ro\/wp-json\/wp\/v2\/pages\/924\/revisions\/928"}],"wp:attachment":[{"href":"https:\/\/innovationawards.sofidel.com\/ro\/wp-json\/wp\/v2\/media?parent=924"}],"curies":[{"name":"wp","href":"https:\/\/api.w.org\/{rel}","templated":true}]}}