{"id":839,"date":"2021-08-24T14:50:27","date_gmt":"2021-08-24T12:50:27","guid":{"rendered":"https:\/\/innovationawards.sofidel.com\/privacy-e-cookie-policy\/"},"modified":"2025-05-07T10:09:59","modified_gmt":"2025-05-07T08:09:59","slug":"confidentialitate-si-politica-de-cookie-uri","status":"publish","type":"page","link":"https:\/\/innovationawards.sofidel.com\/ro\/confidentialitate-si-politica-de-cookie-uri\/","title":{"rendered":"Confiden\u021bialitate \u015ei Politica de cookie-uri"},"content":{"rendered":"<div class=\"wpb-content-wrapper\">[vc_row css=&#8221;.vc_custom_1727942800141{margin-top: 40px !important;margin-bottom: 40px !important;}&#8221;][vc_column][vc_column_text css=&#8221;&#8221;]<b>Not\u0103 de informare \u00een conformitate cu art. 13 din Regulamentul (UE) 2016\/679 privind prelucrarea datelor cu caracter personal<\/b><\/p>\n<p><span style=\"font-weight: 400;\">Prezenta not\u0103 de informare, furnizat\u0103 \u00een conformitate cu art. 13 din Regulamentul (UE) 2016\/679 (denumit \u00een continuare \u201e<\/span><b>RGPD<\/b><span style=\"font-weight: 400;\">\u201d), se refer\u0103 la datele cu caracter personal solicitate de Sofidel S.p.a. pentru a permite participarea la ini\u021biativa \u201eSofidel Innovation Award\u201d (denumit\u0103 \u00een continuare \u201eIni\u021biativa\u201d).<\/span><\/p>\n<p>&nbsp;<\/p>\n<ol>\n<li><b> Operatorul de date \u0219i responsabilul cu protec\u021bia datelor<\/b><\/li>\n<\/ol>\n<p><span style=\"font-weight: 400;\">Datele cu caracter personal ale participantului la Ini\u021biativ\u0103 (denumite \u00een continuare \u201edate cu caracter personal\u201d) vor fi prelucrate de Sofidel S.p.A., Via Giuseppe Lazzareschi, 23 &#8211; 55016 Porcari (LU), \u00een calitate de operator de date (denumit \u00een continuare \u201eSofidel\u201d sau \u201eoperatorul de date\u201d).<\/span><\/p>\n<p><span style=\"font-weight: 400;\">Responsabilul cu protec\u021bia datelor al Sofidel (\u201e<\/span><b>Data Protection Officer<\/b><span style=\"font-weight: 400;\">\u201d sau \u201e<\/span><b>DPO<\/b><span style=\"font-weight: 400;\">\u201d) poate fi contactat:<\/span><\/p>\n<ul>\n<li style=\"font-weight: 400;\" aria-level=\"1\"><span style=\"font-weight: 400;\">prin e-mail, la adresa: <\/span><b><i>\u00a0dpo.holding@sofidel.com<\/i><\/b><span style=\"font-weight: 400;\">.<\/span><\/li>\n<li style=\"font-weight: 400;\" aria-level=\"1\"><span style=\"font-weight: 400;\">prin po\u0219t\u0103, la adresa indicat\u0103 mai sus.<\/span><\/li>\n<\/ul>\n<p>&nbsp;<\/p>\n<ol start=\"2\">\n<li><b> Tipuri de date prelucrate<\/b><\/li>\n<\/ol>\n<p><span style=\"font-weight: 400;\">Datele cu caracter personal prelucrate de operator includ numele \u0219i prenumele.\u00a0<\/span><\/p>\n<p>&nbsp;<\/p>\n<ol start=\"3\">\n<li><b> Scopul \u0219i temeiul juridic al prelucr\u0103rii datelor cu caracter personal<\/b><\/li>\n<\/ol>\n<p><span style=\"font-weight: 400;\">Datele cu caracter personal vor fi prelucrate pentru a gestiona cererea de participare la Ini\u021biativ\u0103. Temeiul juridic pentru prelucrare este art. 6 alineatul 1, litera (b) din RGPD, \u0219i anume solicitarea persoanei vizate. Furnizarea datelor cu caracter personal este op\u021bional\u0103, \u00eens\u0103 lipsa acestora va \u00eempiedica participarea la Ini\u021biativ\u0103.<\/span><\/p>\n<p><span style=\"font-weight: 400;\">Odat\u0103 furnizate, datele ar putea fi prelucrate \u0219i \u00een urm\u0103toarele scopuri:<\/span><\/p>\n<p><span style=\"font-weight: 400;\">&#8211; \u00eendeplinirea oric\u0103ror obliga\u021bii legale la care este supus operatorul; temeiul juridic pentru prelucrare este art. 6 alineatul 1, litera (c) din Regulament, \u0219i anume existen\u021ba unei obliga\u021bii legale;<\/span><\/p>\n<p><span style=\"font-weight: 400;\">&#8211; orice scop de ap\u0103rare; temeiul juridic este identificat \u00een art. 6 alineatul 1, litera (f) din Regulament, \u0219i anume necesitatea de a se ap\u0103ra \u00een instan\u021b\u0103.<\/span><\/p>\n<p>&nbsp;<\/p>\n<ol start=\"4\">\n<li><b> P\u0103strarea datelor cu caracter personal<\/b><\/li>\n<\/ol>\n<p><span style=\"font-weight: 400;\">Datele cu caracter personal vor fi p\u0103strate doar at\u00e2t timp c\u00e2t este necesar pentru scopurile pentru care au fost colectate, \u0219i anume p\u00e2n\u0103 la 31 decembrie 2025, dup\u0103 care vor fi \u0219terse definitiv.\u00a0<\/span><\/p>\n<p>&nbsp;<\/p>\n<ol start=\"5\">\n<li><b> Destinatarii datelor cu caracter personal<\/b><\/li>\n<\/ol>\n<p><span style=\"font-weight: 400;\">Datele cu caracter personal ar putea fi partajate cu:<\/span><\/p>\n<ul>\n<li style=\"font-weight: 400;\" aria-level=\"1\"><span style=\"font-weight: 400;\">P\u0103r\u021bile care ac\u021bioneaz\u0103 de obicei \u00een calitate de responsabili de prelucrare \u00een conformitate cu art. 28 din RGPD (de exemplu, Mentarossa, Via Provinciale Lungomonte 33, o agen\u021bie furnizoare c\u0103reia operatorul de date \u00eei va \u00eencredin\u021ba \u00eentre\u021binerea \u0219i gestionarea Ini\u021biativei);<\/span><\/li>\n<li style=\"font-weight: 400;\" aria-level=\"1\"><span style=\"font-weight: 400;\">personalul autorizat s\u0103 prelucreze datele \u00een conformitate cu art. 29 din RGPD;<\/span><\/li>\n<li style=\"font-weight: 400;\" aria-level=\"1\"><span style=\"font-weight: 400;\">societ\u0103\u021bi din Grupul Sofidel, \u00een calitate de operatori autonomi de date, \u00een scopuri administrativ-contabile, pe baza interesului legitim \u00een temeiul art. 6 alineatul 1, litera (f) \u0219i al considerentelor 47 \u0219i 48 din Regulament;<\/span><\/li>\n<li style=\"font-weight: 400;\" aria-level=\"1\"><span style=\"font-weight: 400;\">subiec\u021bii, entit\u0103\u021bile sau autorit\u0103\u021bile care r\u0103spund \u00een mod autonom de prelucrare \u0219i c\u0103rora le este obligatorie comunicarea datelor cu caracter personal \u00een temeiul unor dispozi\u021bii legale sau al unor ordine din partea autorit\u0103\u021bilor.<\/span><\/li>\n<\/ul>\n<p>&nbsp;<\/p>\n<p><span style=\"font-weight: 400;\">Lista actualizat\u0103 \u0219i complet\u0103 a destinatarilor datelor cu caracter personal este disponibil\u0103 la sediul social al operatorului de date \u0219i poate fi solicitat\u0103 operatorului de date \u0219i DPO la datele de contact men\u021bionate mai sus.<\/span><\/p>\n<p>&nbsp;<\/p>\n<ol start=\"4\">\n<li><b> Transferul datelor cu caracter personal \u00een afara UE<\/b><\/li>\n<\/ol>\n<p><span style=\"font-weight: 400;\">Operatorul de date informeaz\u0103 c\u0103 datele cu caracter personal nu vor fi transferate \u00een afara teritoriului Uniunii Europene.<\/span><\/p>\n<p>&nbsp;<\/p>\n<ol start=\"5\">\n<li><b> Modalit\u0103\u021bi de prelucrare a datelor cu caracter personal<\/b><\/li>\n<\/ol>\n<p><span style=\"font-weight: 400;\">Prelucrarea datelor cu caracter personal se va realiza prin utilizarea de mijloace \u0219i\/sau instrumente informatice, manuale \u0219i\/sau telematice, cu o logic\u0103 strict legat\u0103 de scopurile prelucr\u0103rii \u0219i garant\u00e2nd \u00een orice situa\u021bie confiden\u021bialitatea \u0219i securitatea datelor \u00een sine \u0219i \u00een conformitate cu regulamentele \u0219i m\u0103surile autorit\u0103\u021bii de supraveghere pentru protec\u021bia datelor cu caracter personal aplicabile.\u00a0<\/span><\/p>\n<p>&nbsp;<\/p>\n<ol start=\"6\">\n<li><b> Drepturile persoanei vizate<\/b><\/li>\n<\/ol>\n<p><span style=\"font-weight: 400;\">Persoana vizat\u0103 are dreptul de a-\u0219i accesa \u00een orice moment datele cu caracter personal care o vizeaz\u0103, \u00een temeiul art. 15-22 din RGPD. \u00cen special, poate solicita rectificarea, anularea \u0219i limitarea prelucr\u0103rii datelor \u00een cazurile prev\u0103zute \u00een art. 18 din RGPD, revocarea consim\u021b\u0103m\u00e2ntului, pentru a ob\u021bine portabilitatea datelor care o privesc \u00een cazurile prev\u0103zute la articolul 20 din RGPD.\u00a0<\/span><\/p>\n<p><span style=\"font-weight: 400;\">Persoana vizat\u0103 poate face, de asemenea, o cerere de opozi\u021bie la prelucrarea datelor sale \u00een temeiul art. 21 din RGPD, \u00een care trebuie s\u0103 prezinte motivele care justific\u0103 opozi\u021bia sa; operatorul de date \u00ee\u0219i rezerv\u0103 dreptul de a evalua aceast\u0103 cerere, care poate s\u0103 nu fie acceptat\u0103 dac\u0103 exist\u0103 motive legitime \u0219i imperioase de a continua prelucrarea care prevaleaz\u0103 asupra intereselor, drepturilor \u0219i libert\u0103\u021bilor sale.\u00a0<\/span><\/p>\n<p><span style=\"font-weight: 400;\">Cererile trebuie trimise \u00een scris operatorului de date sau DPO, folosind datele de contact men\u021bionate mai sus.<\/span><\/p>\n<p>&nbsp;<\/p>\n<ol start=\"7\">\n<li><b> Reclama\u021bii adresate Autorit\u0103\u021bii garante\u00a0<\/b><\/li>\n<\/ol>\n<p><span style=\"font-weight: 400;\">\u00cen cazul \u00een care persoana vizat\u0103 consider\u0103 c\u0103 prelucrarea datelor cu caracter personal efectuat\u0103 de operator \u00eencalc\u0103 dispozi\u021biile RGPD, aceasta are dreptul de a depune o reclama\u021bie la Autoritatea garant\u0103 pentru protec\u021bia datelor cu caracter personal, astfel cum se prevede la art.\u00a0 77 din RGPD, sau de a sesiza instan\u021bele competente \u00een conformitate cu art. 79 din RGPD.<\/span>[\/vc_column_text][\/vc_column][\/vc_row][vc_row css=&#8221;.vc_custom_1746604529568{margin-top: 40px !important;margin-bottom: 40px !important;}&#8221;][vc_column el_class=&#8221;white&#8221;][vc_raw_html css=&#8221;&#8221;]JTNDZGl2JTIwY2xhc3MlM0QlMjJ3aGl0ZSUyMHVjLWVtYmVkJTIyJTNFJTNDJTJGZGl2JTNF[\/vc_raw_html][\/vc_column][\/vc_row]\n<\/div>","protected":false},"excerpt":{"rendered":"<p>[vc_row css=&#8221;.vc_custom_1727942800141{margin-top: 40px !important;margin-bottom: 40px !important;}&#8221;][vc_column][vc_column_text css=&#8221;&#8221;]Not\u0103 de informare \u00een conformitate cu art. 13 din Regulamentul (UE) 2016\/679 privind prelucrarea datelor cu caracter personal Prezenta not\u0103 de informare, furnizat\u0103 \u00een conformitate cu art. 13 din Regulamentul (UE) 2016\/679 (denumit \u00een continuare \u201eRGPD\u201d), se refer\u0103 la datele cu caracter personal solicitate de Sofidel S.p.a. pentru a&hellip;<\/p>\n","protected":false},"author":1,"featured_media":0,"parent":0,"menu_order":0,"comment_status":"closed","ping_status":"open","template":"","meta":{"inline_featured_image":false,"footnotes":""},"class_list":["post-839","page","type-page","status-publish","hentry","entry","no-media"],"acf":[],"_links":{"self":[{"href":"https:\/\/innovationawards.sofidel.com\/ro\/wp-json\/wp\/v2\/pages\/839","targetHints":{"allow":["GET"]}}],"collection":[{"href":"https:\/\/innovationawards.sofidel.com\/ro\/wp-json\/wp\/v2\/pages"}],"about":[{"href":"https:\/\/innovationawards.sofidel.com\/ro\/wp-json\/wp\/v2\/types\/page"}],"author":[{"embeddable":true,"href":"https:\/\/innovationawards.sofidel.com\/ro\/wp-json\/wp\/v2\/users\/1"}],"replies":[{"embeddable":true,"href":"https:\/\/innovationawards.sofidel.com\/ro\/wp-json\/wp\/v2\/comments?post=839"}],"version-history":[{"count":3,"href":"https:\/\/innovationawards.sofidel.com\/ro\/wp-json\/wp\/v2\/pages\/839\/revisions"}],"predecessor-version":[{"id":1072,"href":"https:\/\/innovationawards.sofidel.com\/ro\/wp-json\/wp\/v2\/pages\/839\/revisions\/1072"}],"wp:attachment":[{"href":"https:\/\/innovationawards.sofidel.com\/ro\/wp-json\/wp\/v2\/media?parent=839"}],"curies":[{"name":"wp","href":"https:\/\/api.w.org\/{rel}","templated":true}]}}