{"id":914,"date":"2025-04-30T12:19:02","date_gmt":"2025-04-30T10:19:02","guid":{"rendered":"https:\/\/innovationawards.sofidel.com\/tematiche\/"},"modified":"2025-05-06T09:06:31","modified_gmt":"2025-05-06T07:06:31","slug":"tematy","status":"publish","type":"page","link":"https:\/\/innovationawards.sofidel.com\/pl\/tematy\/","title":{"rendered":"Tematy"},"content":{"rendered":"<div class=\"wpb-content-wrapper\">[vc_row css_animation=&#8221;none&#8221; el_class=&#8221;riga_tematica ptd30 pbd50 ptm35 pbm35 plrm15&#8243; local_scroll_id=&#8221;safety-first&#8221;][vc_column][vc_column_text css=&#8221;&#8221; el_class=&#8221;tematica&#8221; text_align=&#8221;center&#8221; font_size=&#8221;16px&#8221; line_height=&#8221;normal&#8221; font_weight=&#8221;700&#8243; text_transform=&#8221;uppercase&#8221;]healtH &amp; safety[\/vc_column_text]<style>.vcex-icon-box.vcex_69d2621d83c58 .vcex-icon-box-content{color:#ffffff;font-size:20px;}.vcex-icon-box.vcex_69d2621d83c58 .vcex-icon-box-heading{margin-bottom:5px;color:#fbb03b;font-size:50px;font-weight:700;text-transform:capitalize;letter-spacing:-1.5px;line-height:130%;}@media (max-width:767px){.vcex-icon-box.vcex_69d2621d83c58 .vcex-icon-box-content{font-size:16px;}.vcex-icon-box.vcex_69d2621d83c58 .vcex-icon-box-heading{font-size:30px;}}@media (max-width:479px){.vcex-icon-box.vcex_69d2621d83c58 .vcex-icon-box-content{font-size:16px;}.vcex-icon-box.vcex_69d2621d83c58 .vcex-icon-box-heading{font-size:30px;}}<\/style><div class=\"vcex-module vcex-icon-box vcex-icon-box-one wpex-flex wpex-text-left tematica_icon_box mtd50 mtm35 vcex_69d2621d83c58\"><div class=\"vcex-icon-box-symbol vcex-icon-box-symbol--image wpex-flex-shrink-0 wpex-mr-20\"><img width=\"161\" height=\"159\" src=\"https:\/\/innovationawards.sofidel.com\/wp-content\/uploads\/2025\/04\/Safety-First-Award.svg\" class=\"vcex-icon-box-image wpex-align-middle\" alt=\"\" loading=\"lazy\" decoding=\"async\" \/><\/div><div class=\"vcex-icon-box-text wpex-flex-grow\"><h2 class=\"vcex-icon-box-heading wpex-h3 wpex-m-0\">Safety First Award<\/h2><div class=\"vcex-icon-box-content wpex-last-mb-0 wpex-clr\"><p>Zach\u0119ca do pomys\u0142\u00f3w, kt\u00f3re poprawiaj\u0105 praktyki zdrowia i bezpiecze\u0144stwa w miejscu pracy.<\/p>\n<p><span style=\"color: #fbb03b\">Kilka przyk\u0142ad\u00f3w:<\/span><br \/>\nnowe protoko\u0142y bezpiecze\u0144stwa, zaawansowane sprz\u0119ty ochronne, programy<br \/>\nszkoleniowe, inicjatywy dotycz\u0105ce dobrostanu psychicznego, itp.<\/p>\n<\/div><\/div><\/div>[\/vc_column][\/vc_row][vc_row css_animation=&#8221;none&#8221; el_class=&#8221;riga_tematica ptd30 pbd50 ptm35 pbm35 plrm15&#8243; local_scroll_id=&#8221;product-revolution&#8221;][vc_column][vc_column_text css=&#8221;&#8221; el_class=&#8221;tematica&#8221; text_align=&#8221;center&#8221; font_size=&#8221;16px&#8221; line_height=&#8221;normal&#8221; font_weight=&#8221;700&#8243; text_transform=&#8221;uppercase&#8221;]Product improvement[\/vc_column_text]<style>.vcex-icon-box.vcex_69d2621d85d0e .vcex-icon-box-content{color:#ffffff;font-size:20px;}.vcex-icon-box.vcex_69d2621d85d0e .vcex-icon-box-heading{margin-bottom:5px;color:#fbb03b;font-size:50px;font-weight:700;text-transform:none;letter-spacing:-1.5px;line-height:130%;}@media (max-width:767px){.vcex-icon-box.vcex_69d2621d85d0e .vcex-icon-box-content{font-size:16px;}.vcex-icon-box.vcex_69d2621d85d0e .vcex-icon-box-heading{font-size:30px;}}@media (max-width:479px){.vcex-icon-box.vcex_69d2621d85d0e .vcex-icon-box-content{font-size:16px;}.vcex-icon-box.vcex_69d2621d85d0e .vcex-icon-box-heading{font-size:30px;}}<\/style><div class=\"vcex-module vcex-icon-box vcex-icon-box-one wpex-flex wpex-text-left tematica_icon_box mtd50 mtm35 vcex_69d2621d85d0e\"><div class=\"vcex-icon-box-symbol vcex-icon-box-symbol--image wpex-flex-shrink-0 wpex-mr-20\"><img width=\"159\" height=\"160\" src=\"https:\/\/innovationawards.sofidel.com\/wp-content\/uploads\/2025\/04\/Product-Revolution-Award.svg\" class=\"vcex-icon-box-image wpex-align-middle\" alt=\"\" loading=\"lazy\" decoding=\"async\" \/><\/div><div class=\"vcex-icon-box-text wpex-flex-grow\"><h2 class=\"vcex-icon-box-heading wpex-h3 wpex-m-0\">Product (R)evolution Award<\/h2><div class=\"vcex-icon-box-content wpex-last-mb-0 wpex-clr\"><p>Uznaje pomys\u0142y maj\u0105ce na celu ulepszanie istniej\u0105cych produkt\u00f3w lub rozwijanie nowych, kt\u00f3re zwi\u0119kszaj\u0105<br \/>\nsatysfakcj\u0119 klient\u00f3w i konkurencyjno\u015b\u0107 na rynku.<\/p>\n<p><span style=\"color: #efb254\">Kilka przyk\u0142ad\u00f3w:<\/span><br \/>\ndodatkowe funkcje, zoptymalizowane do\u015bwiadczenie u\u017cytkownika, bardziej<br \/>\nzr\u00f3wnowa\u017cone rozwi\u0105zania, itp.<\/p>\n<\/div><\/div><\/div>[\/vc_column][\/vc_row][vc_row css_animation=&#8221;none&#8221; el_class=&#8221;riga_tematica ptd30 pbd50 ptm35 pbm35 plrm15&#8243; local_scroll_id=&#8221;efficiency-excellence&#8221;][vc_column][vc_column_text css=&#8221;&#8221; el_class=&#8221;tematica&#8221; text_align=&#8221;center&#8221; font_size=&#8221;16px&#8221; line_height=&#8221;normal&#8221; font_weight=&#8221;700&#8243; text_transform=&#8221;uppercase&#8221;]Process Improvement[\/vc_column_text]<style>.vcex-icon-box.vcex_69d2621d874ad .vcex-icon-box-content{color:#ffffff;font-size:20px;}.vcex-icon-box.vcex_69d2621d874ad .vcex-icon-box-heading{margin-bottom:5px;color:#fbb03b;font-size:50px;font-weight:700;text-transform:capitalize;letter-spacing:-1.5px;line-height:130%;}@media (max-width:767px){.vcex-icon-box.vcex_69d2621d874ad .vcex-icon-box-content{font-size:16px;}.vcex-icon-box.vcex_69d2621d874ad .vcex-icon-box-heading{font-size:30px;}}@media (max-width:479px){.vcex-icon-box.vcex_69d2621d874ad .vcex-icon-box-content{font-size:16px;}.vcex-icon-box.vcex_69d2621d874ad .vcex-icon-box-heading{font-size:30px;}}<\/style><div class=\"vcex-module vcex-icon-box vcex-icon-box-one wpex-flex wpex-text-left tematica_icon_box mtd50 mtm35 vcex_69d2621d874ad\"><div class=\"vcex-icon-box-symbol vcex-icon-box-symbol--image wpex-flex-shrink-0 wpex-mr-20\"><img width=\"158\" height=\"159\" src=\"https:\/\/innovationawards.sofidel.com\/wp-content\/uploads\/2025\/04\/Efficiency-Excellence-Award.svg\" class=\"vcex-icon-box-image wpex-align-middle\" alt=\"\" loading=\"lazy\" decoding=\"async\" \/><\/div><div class=\"vcex-icon-box-text wpex-flex-grow\"><h2 class=\"vcex-icon-box-heading wpex-h3 wpex-m-0\">Efficiency Excellence Award<\/h2><div class=\"vcex-icon-box-content wpex-last-mb-0 wpex-clr\"><p>Ma na celu popraw\u0119 efektywno\u015bci biznesowej poprzez redukcj\u0119 czasu, koszt\u00f3w i z\u0142o\u017cono\u015bci<br \/>\noperacyjnej.<\/p>\n<p><span style=\"color: #fbb03b\">Kilka przyk\u0142ad\u00f3w:<\/span><br \/>\nautomatyzacja, nowe narz\u0119dzia technologiczne, zoptymalizowane procedury<br \/>\noperacyjne, itp.<\/p>\n<\/div><\/div><\/div>[\/vc_column][\/vc_row][vc_row css_animation=&#8221;none&#8221; el_class=&#8221;riga_tematica ptd30 pbd50 ptm35 pbm35 plrm15&#8243; local_scroll_id=&#8221;community-spirit&#8221;][vc_column][vc_column_text css=&#8221;&#8221; el_class=&#8221;tematica&#8221; text_align=&#8221;center&#8221; font_size=&#8221;16px&#8221; line_height=&#8221;normal&#8221; font_weight=&#8221;700&#8243; text_transform=&#8221;uppercase&#8221;]Sense of Belonging[\/vc_column_text]<style>.vcex-icon-box.vcex_69d2621d88b65 .vcex-icon-box-content{color:#ffffff;font-size:20px;}.vcex-icon-box.vcex_69d2621d88b65 .vcex-icon-box-heading{margin-bottom:5px;color:#fbb03b;font-size:50px;font-weight:700;text-transform:capitalize;letter-spacing:-1.5px;line-height:130%;}@media (max-width:767px){.vcex-icon-box.vcex_69d2621d88b65 .vcex-icon-box-content{font-size:16px;}.vcex-icon-box.vcex_69d2621d88b65 .vcex-icon-box-heading{font-size:30px;}}@media (max-width:479px){.vcex-icon-box.vcex_69d2621d88b65 .vcex-icon-box-content{font-size:16px;}.vcex-icon-box.vcex_69d2621d88b65 .vcex-icon-box-heading{font-size:30px;}}<\/style><div class=\"vcex-module vcex-icon-box vcex-icon-box-one wpex-flex wpex-text-left tematica_icon_box mtd50 mtm35 vcex_69d2621d88b65\"><div class=\"vcex-icon-box-symbol vcex-icon-box-symbol--image wpex-flex-shrink-0 wpex-mr-20\"><img width=\"159\" height=\"160\" src=\"https:\/\/innovationawards.sofidel.com\/wp-content\/uploads\/2025\/04\/Community-Spirit-Award.svg\" class=\"vcex-icon-box-image wpex-align-middle\" alt=\"\" loading=\"lazy\" decoding=\"async\" \/><\/div><div class=\"vcex-icon-box-text wpex-flex-grow\"><h2 class=\"vcex-icon-box-heading wpex-h3 wpex-m-0\">Community Spirit Award<\/h2><div class=\"vcex-icon-box-content wpex-last-mb-0 wpex-clr\"><p>Zach\u0119ca do inicjatyw wzmacniaj\u0105cych zaanga\u017cowanie i dobrostan pracownik\u00f3w, promuj\u0105cych inkluzj\u0119 i<br \/>\nwsp\u00f3\u0142prac\u0119.<\/p>\n<p><span style=\"color: #efb254\">Kilka przyk\u0142ad\u00f3w:<\/span><br \/>\nwydarzenia spo\u0142eczne, programy mentorskie, ulepszone systemy komunikacji<br \/>\nwewn\u0119trznej, itp.<\/p>\n<\/div><\/div><\/div>[\/vc_column][\/vc_row][vc_row css_animation=&#8221;none&#8221; el_class=&#8221;riga_tematica ptd30 pbd50 ptm35 pbm35 plrm15&#8243; local_scroll_id=&#8221;green-innovator&#8221;][vc_column][vc_column_text css=&#8221;&#8221; el_class=&#8221;tematica&#8221; text_align=&#8221;center&#8221; font_size=&#8221;16px&#8221; line_height=&#8221;normal&#8221; font_weight=&#8221;700&#8243; text_transform=&#8221;uppercase&#8221;]Environmental Impact[\/vc_column_text]<style>.vcex-icon-box.vcex_69d2621d8a1a4 .vcex-icon-box-content{color:#ffffff;font-size:20px;}.vcex-icon-box.vcex_69d2621d8a1a4 .vcex-icon-box-heading{margin-bottom:5px;color:#fbb03b;font-size:50px;font-weight:700;text-transform:capitalize;letter-spacing:-1.5px;line-height:130%;}@media (max-width:767px){.vcex-icon-box.vcex_69d2621d8a1a4 .vcex-icon-box-content{font-size:16px;}.vcex-icon-box.vcex_69d2621d8a1a4 .vcex-icon-box-heading{font-size:30px;}}@media (max-width:479px){.vcex-icon-box.vcex_69d2621d8a1a4 .vcex-icon-box-content{font-size:16px;}.vcex-icon-box.vcex_69d2621d8a1a4 .vcex-icon-box-heading{font-size:30px;}}<\/style><div class=\"vcex-module vcex-icon-box vcex-icon-box-one wpex-flex wpex-text-left tematica_icon_box mtd50 mtm35 vcex_69d2621d8a1a4\"><div class=\"vcex-icon-box-symbol vcex-icon-box-symbol--image wpex-flex-shrink-0 wpex-mr-20\"><img width=\"157\" height=\"143\" src=\"https:\/\/innovationawards.sofidel.com\/wp-content\/uploads\/2025\/04\/Green-Innovator-Award.svg\" class=\"vcex-icon-box-image wpex-align-middle\" alt=\"\" loading=\"lazy\" decoding=\"async\" \/><\/div><div class=\"vcex-icon-box-text wpex-flex-grow\"><h2 class=\"vcex-icon-box-heading wpex-h3 wpex-m-0\">Green Innovator Award<\/h2><div class=\"vcex-icon-box-content wpex-last-mb-0 wpex-clr\"><p>Nagrodza pomys\u0142y pomagaj\u0105ce zmniejszy\u0107 \u015blad w\u0119glowy firmy, wspieraj\u0105ce przej\u015bcie na zr\u00f3wnowa\u017cone<br \/>\npraktyki.<\/p>\n<p><span style=\"color: #efb254\">Kilka przyk\u0142ad\u00f3w:<\/span><br \/>\nredukcja odpad\u00f3w, efektywno\u015b\u0107 energetyczna, inicjatywy zwi\u0105zane z oszcz\u0119dzaniem<br \/>\nzasob\u00f3w, itp.<\/p>\n<\/div><\/div><\/div>[\/vc_column][\/vc_row][vc_row css_animation=&#8221;none&#8221; el_class=&#8221;riga_tematica ptd30 pbd50 ptm35 pbm35 plrm15&#8243; local_scroll_id=&#8221;look-beyond&#8221;][vc_column][vc_column_text css=&#8221;&#8221; el_class=&#8221;tematica&#8221; text_align=&#8221;center&#8221; font_size=&#8221;16px&#8221; line_height=&#8221;normal&#8221; font_weight=&#8221;700&#8243; text_transform=&#8221;uppercase&#8221;]Strategic Vision[\/vc_column_text]<style>.vcex-icon-box.vcex_69d2621d8b6fa .vcex-icon-box-content{color:#ffffff;font-size:20px;}.vcex-icon-box.vcex_69d2621d8b6fa .vcex-icon-box-heading{margin-bottom:5px;color:#fbb03b;font-size:50px;font-weight:700;text-transform:capitalize;letter-spacing:-1.5px;line-height:130%;}@media (max-width:767px){.vcex-icon-box.vcex_69d2621d8b6fa .vcex-icon-box-content{font-size:16px;}.vcex-icon-box.vcex_69d2621d8b6fa .vcex-icon-box-heading{font-size:30px;}}@media (max-width:479px){.vcex-icon-box.vcex_69d2621d8b6fa .vcex-icon-box-content{font-size:16px;}.vcex-icon-box.vcex_69d2621d8b6fa .vcex-icon-box-heading{font-size:30px;}}<\/style><div class=\"vcex-module vcex-icon-box vcex-icon-box-one wpex-flex wpex-text-left tematica_icon_box mtd50 mtm35 vcex_69d2621d8b6fa\"><div class=\"vcex-icon-box-symbol vcex-icon-box-symbol--image wpex-flex-shrink-0 wpex-mr-20\"><img width=\"159\" height=\"117\" src=\"https:\/\/innovationawards.sofidel.com\/wp-content\/uploads\/2025\/04\/Look-beyond-Award.svg\" class=\"vcex-icon-box-image wpex-align-middle\" alt=\"\" loading=\"lazy\" decoding=\"async\" \/><\/div><div class=\"vcex-icon-box-text wpex-flex-grow\"><h2 class=\"vcex-icon-box-heading wpex-h3 wpex-m-0\">Look beyond Award<\/h2><div class=\"vcex-icon-box-content wpex-last-mb-0 wpex-clr\"><p>Zach\u0119ca do projekt\u00f3w innowacyjnych o d\u0142ugoterminowym charakterze, kt\u00f3re przewiduj\u0105 przysz\u0142e potrzeby<br \/>\nrynku i ewolucj\u0119 biznesu.<\/p>\n<p><span style=\"color: #efb254\">Kilka przyk\u0142ad\u00f3w:<\/span><br \/>\nprojekty na du\u017c\u0105 skal\u0119 obejmuj\u0105ce r\u00f3\u017cne obszary biznesowe, rozwi\u0105zania skalowalne i<br \/>\nmodu\u0142owe, itp.<\/p>\n<\/div><\/div><\/div>[\/vc_column][\/vc_row][vc_row css_animation=&#8221;none&#8221; el_class=&#8221;riga_tematica ptd30 pbd180 ptm35 pbm70 plrm15&#8243; local_scroll_id=&#8221;up-to-you&#8221;][vc_column][vc_column_text css=&#8221;&#8221; el_class=&#8221;tematica&#8221; text_align=&#8221;center&#8221; font_size=&#8221;16px&#8221; line_height=&#8221;normal&#8221; font_weight=&#8221;700&#8243; text_transform=&#8221;uppercase&#8221;]Wildcard Wonder[\/vc_column_text]<style>.vcex-icon-box.vcex_69d2621d8ce22 .vcex-icon-box-content{color:#ffffff;font-size:20px;}.vcex-icon-box.vcex_69d2621d8ce22 .vcex-icon-box-heading{margin-bottom:5px;color:#fbb03b;font-size:50px;font-weight:700;text-transform:capitalize;letter-spacing:-1.5px;line-height:130%;}@media (max-width:767px){.vcex-icon-box.vcex_69d2621d8ce22 .vcex-icon-box-content{font-size:16px;}.vcex-icon-box.vcex_69d2621d8ce22 .vcex-icon-box-heading{font-size:30px;}}@media (max-width:479px){.vcex-icon-box.vcex_69d2621d8ce22 .vcex-icon-box-content{font-size:16px;}.vcex-icon-box.vcex_69d2621d8ce22 .vcex-icon-box-heading{font-size:30px;}}<\/style><div class=\"vcex-module vcex-icon-box vcex-icon-box-one wpex-flex wpex-text-left tematica_icon_box mtd50 mtm35 vcex_69d2621d8ce22\"><div class=\"vcex-icon-box-symbol vcex-icon-box-symbol--image wpex-flex-shrink-0 wpex-mr-20\"><img width=\"158\" height=\"194\" src=\"https:\/\/innovationawards.sofidel.com\/wp-content\/uploads\/2025\/04\/Up-to-You-Award.svg\" class=\"vcex-icon-box-image wpex-align-middle\" alt=\"\" loading=\"lazy\" decoding=\"async\" \/><\/div><div class=\"vcex-icon-box-text wpex-flex-grow\"><h2 class=\"vcex-icon-box-heading wpex-h3 wpex-m-0\">Up to You! Award<\/h2><div class=\"vcex-icon-box-content wpex-last-mb-0 wpex-clr\"><p>Otwarte kategorie dla innowacyjnych pomys\u0142\u00f3w, kt\u00f3re nie pasuj\u0105 do innych obszar\u00f3w, ale wnosz\u0105 warto\u015b\u0107<br \/>\ndla firmy.<\/p>\n<p><span style=\"color: #efb254\">Kilka przyk\u0142ad\u00f3w:<\/span><br \/>\nprojekty kreatywne, rozwi\u0105zania wychodz\u0105ce poza schematy, itp.<\/p>\n<\/div><\/div><\/div>[\/vc_column][\/vc_row]\n<\/div>","protected":false},"excerpt":{"rendered":"<p>[vc_row css_animation=&#8221;none&#8221; el_class=&#8221;riga_tematica ptd30 pbd50 ptm35 pbm35 plrm15&#8243; local_scroll_id=&#8221;safety-first&#8221;][vc_column][vc_column_text css=&#8221;&#8221; el_class=&#8221;tematica&#8221; text_align=&#8221;center&#8221; font_size=&#8221;16px&#8221; line_height=&#8221;normal&#8221; font_weight=&#8221;700&#8243; text_transform=&#8221;uppercase&#8221;]healtH &amp; safety[\/vc_column_text][\/vc_column][\/vc_row][vc_row css_animation=&#8221;none&#8221; el_class=&#8221;riga_tematica ptd30 pbd50 ptm35 pbm35 plrm15&#8243; local_scroll_id=&#8221;product-revolution&#8221;][vc_column][vc_column_text css=&#8221;&#8221; el_class=&#8221;tematica&#8221; text_align=&#8221;center&#8221; font_size=&#8221;16px&#8221; line_height=&#8221;normal&#8221; font_weight=&#8221;700&#8243; text_transform=&#8221;uppercase&#8221;]Product improvement[\/vc_column_text][\/vc_column][\/vc_row][vc_row css_animation=&#8221;none&#8221; el_class=&#8221;riga_tematica ptd30 pbd50 ptm35 pbm35 plrm15&#8243; local_scroll_id=&#8221;efficiency-excellence&#8221;][vc_column][vc_column_text css=&#8221;&#8221; el_class=&#8221;tematica&#8221; text_align=&#8221;center&#8221; font_size=&#8221;16px&#8221; line_height=&#8221;normal&#8221; font_weight=&#8221;700&#8243; text_transform=&#8221;uppercase&#8221;]Process Improvement[\/vc_column_text][\/vc_column][\/vc_row][vc_row css_animation=&#8221;none&#8221; el_class=&#8221;riga_tematica ptd30 pbd50 ptm35&hellip;<\/p>\n","protected":false},"author":1,"featured_media":0,"parent":0,"menu_order":0,"comment_status":"closed","ping_status":"closed","template":"","meta":{"inline_featured_image":false,"footnotes":""},"class_list":["post-914","page","type-page","status-publish","hentry","entry","no-media"],"acf":[],"_links":{"self":[{"href":"https:\/\/innovationawards.sofidel.com\/pl\/wp-json\/wp\/v2\/pages\/914","targetHints":{"allow":["GET"]}}],"collection":[{"href":"https:\/\/innovationawards.sofidel.com\/pl\/wp-json\/wp\/v2\/pages"}],"about":[{"href":"https:\/\/innovationawards.sofidel.com\/pl\/wp-json\/wp\/v2\/types\/page"}],"author":[{"embeddable":true,"href":"https:\/\/innovationawards.sofidel.com\/pl\/wp-json\/wp\/v2\/users\/1"}],"replies":[{"embeddable":true,"href":"https:\/\/innovationawards.sofidel.com\/pl\/wp-json\/wp\/v2\/comments?post=914"}],"version-history":[{"count":4,"href":"https:\/\/innovationawards.sofidel.com\/pl\/wp-json\/wp\/v2\/pages\/914\/revisions"}],"predecessor-version":[{"id":975,"href":"https:\/\/innovationawards.sofidel.com\/pl\/wp-json\/wp\/v2\/pages\/914\/revisions\/975"}],"wp:attachment":[{"href":"https:\/\/innovationawards.sofidel.com\/pl\/wp-json\/wp\/v2\/media?parent=914"}],"curies":[{"name":"wp","href":"https:\/\/api.w.org\/{rel}","templated":true}]}}