{"id":3,"date":"2021-08-24T14:50:27","date_gmt":"2021-08-24T12:50:27","guid":{"rendered":"https:\/\/innovationawards.sofidel.com\/?page_id=3"},"modified":"2025-05-07T10:09:09","modified_gmt":"2025-05-07T08:09:09","slug":"privacy-e-cookie-policy","status":"publish","type":"page","link":"https:\/\/innovationawards.sofidel.com\/it\/privacy-e-cookie-policy\/","title":{"rendered":"Privacy e Cookie policy"},"content":{"rendered":"<div class=\"wpb-content-wrapper\">[vc_row css=&#8221;.vc_custom_1727942800141{margin-top: 40px !important;margin-bottom: 40px !important;}&#8221;][vc_column][vc_column_text css=&#8221;&#8221;]\n<p>&nbsp;<\/p>\n<p><b>Informativa <\/b><b><i>ex<\/i><\/b><b> art. 13 Regolamento (UE) 2016\/679 per il trattamento dei dati personali<\/b><\/p>\n<p><span style=\"font-weight: 400;\">La presente informativa resa ai sensi dell\u2019art. 13 del Regolamento (UE) 2016\/679 (di seguito, \u201c<\/span><b>GDPR<\/b><span style=\"font-weight: 400;\">\u201d) riguarda i dati personali richiesti da Sofidel S.p.a. per consentire la partecipazione all\u2019iniziativa \u201cSofidel Innovation Award\u201d (di seguito l\u2019\u201dIniziativa\u201d).<\/span><\/p>\n<p>&nbsp;<\/p>\n<ol>\n<li><b> Titolare del trattamento e Responsabile della protezione dei dati<\/b><\/li>\n<\/ol>\n<p><span style=\"font-weight: 400;\">I dati personali del partecipante all\u2019Iniziativa (d\u2019ora in avanti, \u201cDati personali\u201d) saranno trattati da Sofidel S.p.A., Via Giuseppe Lazzareschi, 23 \u2013 55016 Porcari (LU), in qualit\u00e0 di titolare del trattamento (d\u2019ora in avanti, \u201cSofidel\u201d o \u201cTitolare\u201d).<\/span><\/p>\n<p><span style=\"font-weight: 400;\">Il Responsabile della protezione dei dati personali di Sofidel (\u201c<\/span><b>Data Protection Officer<\/b><span style=\"font-weight: 400;\">\u201d o \u201c<\/span><b>DPO<\/b><span style=\"font-weight: 400;\">\u201d) \u00e8 contattabile:<\/span><\/p>\n<ul>\n<li style=\"font-weight: 400;\" aria-level=\"1\"><span style=\"font-weight: 400;\">a mezzo e-mail, all\u2019indirizzo: <\/span><b><i>\u00a0dpo.holding@sofidel.com<\/i><\/b><span style=\"font-weight: 400;\">.<\/span><\/li>\n<li style=\"font-weight: 400;\" aria-level=\"1\"><span style=\"font-weight: 400;\">via posta ordinaria, all\u2019indirizzo sopra indicato.<\/span><\/li>\n<\/ul>\n<p>&nbsp;<\/p>\n<ol start=\"2\">\n<li><b> Tipi di dati oggetto di trattamento<\/b><\/li>\n<\/ol>\n<p><span style=\"font-weight: 400;\">I dati personali trattati dal Titolare includono nome, cognome.\u00a0<\/span><\/p>\n<p>&nbsp;<\/p>\n<ol start=\"3\">\n<li><b> Finalit\u00e0 e base giuridica del trattamento dei dati personali<\/b><\/li>\n<\/ol>\n<p><span style=\"font-weight: 400;\">I dati personali saranno trattati per gestire la richiesta di partecipazione all\u2019Iniziativa. La base giuridica del trattamento \u00e8 costituita dall\u2019art. 6, par. 1, lett. b) del GDPR, ossia la richiesta dell\u2019interessato. Il conferimento dei dati personali \u00e8 facoltativo ma, in caso di mancato conferimento, non sar\u00e0 possibile partecipare all\u2019Iniziativa.<\/span><\/p>\n<p><span style=\"font-weight: 400;\">Una volta conferiti, i dati potrebbero essere trattati anche per le seguenti finalit\u00e0:<\/span><\/p>\n<p><span style=\"font-weight: 400;\">&#8211; adempimento di eventuali obblighi normativi cui sia sottoposto il Titolare; la base giuridica del trattamento \u00e8 rappresentata dall\u2019art. 6, par. 1, lett. c) del Regolamento, ossia la sussistenza di un obbligo di legge;<\/span><\/p>\n<p><span style=\"font-weight: 400;\">&#8211; eventuali finalit\u00e0 di carattere difensivo; la base giuridica \u00e8 da individuarsi nell\u2019art 6, par. 1, lett. f) del Regolamento ossia l\u2019esigenza di difesa in giudizio.<\/span><\/p>\n<p>&nbsp;<\/p>\n<ol start=\"4\">\n<li><b> Conservazione dei dati personali<\/b><\/li>\n<\/ol>\n<p><span style=\"font-weight: 400;\">I Dati personali saranno conservati solo per il tempo necessario ai fini per cui sono raccolti, ossia fino al 31\/12\/2025 dopodich\u00e9 verranno cancellati in modo definitivo.\u00a0<\/span><\/p>\n<p>&nbsp;<\/p>\n<ol start=\"5\">\n<li><b> Destinatari dei dati personali<\/b><\/li>\n<\/ol>\n<p><span style=\"font-weight: 400;\">I dati personali potranno essere condivisi con:<\/span><\/p>\n<ul>\n<li style=\"font-weight: 400;\" aria-level=\"1\"><span style=\"font-weight: 400;\">soggetti che agiscono tipicamente in qualit\u00e0 di responsabili del trattamento ai sensi dell\u2019art. 28 del GDPR (ad es. Mentarossa, Via Provinciale Lungomonte 33, agenzia fornitrice a cui il Titolare affider\u00e0 la cura e la gestione dell\u2019Iniziativa);<\/span><\/li>\n<li style=\"font-weight: 400;\" aria-level=\"1\"><span style=\"font-weight: 400;\">personale autorizzato al trattamento dei dati ai sensi dell\u2019art. 29 del GDPR;<\/span><\/li>\n<li style=\"font-weight: 400;\" aria-level=\"1\"><span style=\"font-weight: 400;\">societ\u00e0 del Gruppo Sofidel, in qualit\u00e0 autonomi titolari del trattamento, per finalit\u00e0 amministrativo-contabili sulla base del legittimo interesse ai sensi all\u2019art. 6, par.1, lett. f) e ai Considerando 47 e 48 del Regolamento;<\/span><\/li>\n<li style=\"font-weight: 400;\" aria-level=\"1\"><span style=\"font-weight: 400;\">soggetti, enti o autorit\u00e0, autonomi titolari del trattamento, a cui sia obbligatorio comunicare i dati personali in forza di disposizioni di legge o di ordini delle autorit\u00e0.<\/span><\/li>\n<\/ul>\n<p>&nbsp;<\/p>\n<p><span style=\"font-weight: 400;\">L\u2019elenco aggiornato e completo dei destinatari dei dati personali \u00e8 disponibile presso la sede legale del Titolare e comunque pu\u00f2 essere richiesto al Titolare e al DPO ai recapiti sopra indicati.<\/span><\/p>\n<p>&nbsp;<\/p>\n<ol start=\"4\">\n<li><b> Trasferimento dei dati personali extra UE<\/b><\/li>\n<\/ol>\n<p><span style=\"font-weight: 400;\">Il Titolare rende noto che i dati personali non saranno oggetto di trasferimento al di fuori del territorio dell\u2019Unione Europea.<\/span><\/p>\n<p>&nbsp;<\/p>\n<ol start=\"5\">\n<li><b> Modalit\u00e0 di trattamento dei dati personali<\/b><\/li>\n<\/ol>\n<p><span style=\"font-weight: 400;\">Il trattamento dei dati personali avverr\u00e0 tramite supporti e\/o strumenti informatici, manuali e\/o telematici, con logiche strettamente correlate alle finalit\u00e0 del trattamento e comunque garantendo la riservatezza e sicurezza dei dati stessi e nel rispetto del Regolamento e dei Provvedimenti del Garante per la protezione dei Dati personali applicabili.\u00a0<\/span><\/p>\n<p>&nbsp;<\/p>\n<ol start=\"6\">\n<li><b> I diritti dell\u2019interessato<\/b><\/li>\n<\/ol>\n<p><span style=\"font-weight: 400;\">L\u2019interessato ha il diritto di accedere in qualunque momento ai dati personali che lo riguardano, ai sensi degli artt. 15-22 GDPR. In particolare, potr\u00e0 chiedere la rettifica, la cancellazione, la limitazione del trattamento dei dati stessi nei casi previsti dall&#8217;art. 18 del GDPR, la revoca del consenso, di ottenere la portabilit\u00e0 dei dati che lo riguardano nei casi previsti dall&#8217;art. 20 del GDPR.\u00a0<\/span><\/p>\n<p><span style=\"font-weight: 400;\">L\u2019interessato pu\u00f2 altres\u00ec formulare una richiesta di opposizione al trattamento dei suoi dati <\/span><i><span style=\"font-weight: 400;\">ex<\/span><\/i><span style=\"font-weight: 400;\"> art. 21 del GDPR nella quale dare evidenza delle ragioni che giustifichino l\u2019opposizione; il Titolare si riserva di valutare tale istanza, che potrebbe non essere accettata nel caso sussistano motivi legittimi cogenti per procedere al trattamento che prevalgano sui suoi interessi, diritti e libert\u00e0.\u00a0<\/span><\/p>\n<p><span style=\"font-weight: 400;\">Le richieste devono essere rivolte per iscritto al Titolare ovvero al DPO ai recapiti sopraindicati.<\/span><\/p>\n<p>&nbsp;<\/p>\n<ol start=\"7\">\n<li><b> Reclamo al Garante\u00a0<\/b><\/li>\n<\/ol>\n<p><span style=\"font-weight: 400;\">Qualora l\u2019interessato ritenga che il trattamento dei dati personali effettuato dal Titolare avvenga in violazione di quanto previsto dal GDPR, ha il diritto di proporre reclamo all\u2019Autorit\u00e0 Garante per la protezione dei dati personali, come previsto dall&#8217;art. 77 del GDPR stesso, o di adire le opportune sedi giudiziarie ai sensi dell\u2019art. 79 del GDPR.<\/span><\/p>\n<p>&nbsp;<\/p>\n[\/vc_column_text][\/vc_column][\/vc_row][vc_row css=&#8221;.vc_custom_1746604529568{margin-top: 40px !important;margin-bottom: 40px !important;}&#8221;][vc_column el_class=&#8221;white&#8221;][vc_raw_html css=&#8221;&#8221;]JTNDZGl2JTIwY2xhc3MlM0QlMjJ3aGl0ZSUyMHVjLWVtYmVkJTIyJTNFJTNDJTJGZGl2JTNF[\/vc_raw_html][\/vc_column][\/vc_row]\n<\/div>","protected":false},"excerpt":{"rendered":"<p>[vc_row css=&#8221;.vc_custom_1727942800141{margin-top: 40px !important;margin-bottom: 40px !important;}&#8221;][vc_column][vc_column_text css=&#8221;&#8221;] &nbsp; Informativa ex art. 13 Regolamento (UE) 2016\/679 per il trattamento dei dati personali La presente informativa resa ai sensi dell\u2019art. 13 del Regolamento (UE) 2016\/679 (di seguito, \u201cGDPR\u201d) riguarda i dati personali richiesti da Sofidel S.p.a. per consentire la partecipazione all\u2019iniziativa \u201cSofidel Innovation Award\u201d (di seguito l\u2019\u201dIniziativa\u201d).&hellip;<\/p>\n","protected":false},"author":1,"featured_media":0,"parent":0,"menu_order":0,"comment_status":"closed","ping_status":"open","template":"","meta":{"inline_featured_image":false,"footnotes":""},"class_list":["post-3","page","type-page","status-publish","hentry","entry","no-media"],"acf":[],"_links":{"self":[{"href":"https:\/\/innovationawards.sofidel.com\/it\/wp-json\/wp\/v2\/pages\/3","targetHints":{"allow":["GET"]}}],"collection":[{"href":"https:\/\/innovationawards.sofidel.com\/it\/wp-json\/wp\/v2\/pages"}],"about":[{"href":"https:\/\/innovationawards.sofidel.com\/it\/wp-json\/wp\/v2\/types\/page"}],"author":[{"embeddable":true,"href":"https:\/\/innovationawards.sofidel.com\/it\/wp-json\/wp\/v2\/users\/1"}],"replies":[{"embeddable":true,"href":"https:\/\/innovationawards.sofidel.com\/it\/wp-json\/wp\/v2\/comments?post=3"}],"version-history":[{"count":9,"href":"https:\/\/innovationawards.sofidel.com\/it\/wp-json\/wp\/v2\/pages\/3\/revisions"}],"predecessor-version":[{"id":1065,"href":"https:\/\/innovationawards.sofidel.com\/it\/wp-json\/wp\/v2\/pages\/3\/revisions\/1065"}],"wp:attachment":[{"href":"https:\/\/innovationawards.sofidel.com\/it\/wp-json\/wp\/v2\/media?parent=3"}],"curies":[{"name":"wp","href":"https:\/\/api.w.org\/{rel}","templated":true}]}}