{"id":903,"date":"2025-04-30T12:19:02","date_gmt":"2025-04-30T10:19:02","guid":{"rendered":"https:\/\/innovationawards.sofidel.com\/tematiche\/"},"modified":"2025-05-06T08:53:37","modified_gmt":"2025-05-06T06:53:37","slug":"temak","status":"publish","type":"page","link":"https:\/\/innovationawards.sofidel.com\/hu\/temak\/","title":{"rendered":"T\u00e9m\u00e1k"},"content":{"rendered":"<div class=\"wpb-content-wrapper\">[vc_row css_animation=&#8221;none&#8221; el_class=&#8221;riga_tematica ptd30 pbd50 ptm35 pbm35 plrm15&#8243; local_scroll_id=&#8221;safety-first&#8221;][vc_column][vc_column_text css=&#8221;&#8221; el_class=&#8221;tematica&#8221; text_align=&#8221;center&#8221; font_size=&#8221;16px&#8221; line_height=&#8221;normal&#8221; font_weight=&#8221;700&#8243; text_transform=&#8221;uppercase&#8221;]healtH &amp; safety[\/vc_column_text]<style>.vcex-icon-box.vcex_69d262716554f .vcex-icon-box-content{color:#ffffff;font-size:20px;}.vcex-icon-box.vcex_69d262716554f .vcex-icon-box-heading{margin-bottom:5px;color:#fbb03b;font-size:50px;font-weight:700;text-transform:capitalize;letter-spacing:-1.5px;line-height:130%;}@media (max-width:767px){.vcex-icon-box.vcex_69d262716554f .vcex-icon-box-content{font-size:16px;}.vcex-icon-box.vcex_69d262716554f .vcex-icon-box-heading{font-size:30px;}}@media (max-width:479px){.vcex-icon-box.vcex_69d262716554f .vcex-icon-box-content{font-size:16px;}.vcex-icon-box.vcex_69d262716554f .vcex-icon-box-heading{font-size:30px;}}<\/style><div class=\"vcex-module vcex-icon-box vcex-icon-box-one wpex-flex wpex-text-left tematica_icon_box mtd50 mtm35 vcex_69d262716554f\"><div class=\"vcex-icon-box-symbol vcex-icon-box-symbol--image wpex-flex-shrink-0 wpex-mr-20\"><img width=\"161\" height=\"159\" src=\"https:\/\/innovationawards.sofidel.com\/wp-content\/uploads\/2025\/04\/Safety-First-Award.svg\" class=\"vcex-icon-box-image wpex-align-middle\" alt=\"\" loading=\"lazy\" decoding=\"async\" \/><\/div><div class=\"vcex-icon-box-text wpex-flex-grow\"><h2 class=\"vcex-icon-box-heading wpex-h3 wpex-m-0\">Safety First Award<\/h2><div class=\"vcex-icon-box-content wpex-last-mb-0 wpex-clr\"><p>\u00d6szt\u00f6nzi azokat az \u00f6tleteket, amelyek jav\u00edtj\u00e1k az eg\u00e9szs\u00e9g\u00fcgyi \u00e9s biztons\u00e1gi gyakorlatokat a munkahelyen.<\/p>\n<p><span style=\"color: #fbb03b\">N\u00e9h\u00e1ny p\u00e9lda:<\/span><br \/>\n\u00faj biztons\u00e1gi protokollok, fejlettebb v\u00e9d\u0151felszerel\u00e9sek, k\u00e9pz\u00e9si programok, ment\u00e1lis j\u00f3l\u00e9t<br \/>\nkezdem\u00e9nyez\u00e9sek, stb.<\/p>\n<\/div><\/div><\/div>[\/vc_column][\/vc_row][vc_row css_animation=&#8221;none&#8221; el_class=&#8221;riga_tematica ptd30 pbd50 ptm35 pbm35 plrm15&#8243; local_scroll_id=&#8221;product-revolution&#8221;][vc_column][vc_column_text css=&#8221;&#8221; el_class=&#8221;tematica&#8221; text_align=&#8221;center&#8221; font_size=&#8221;16px&#8221; line_height=&#8221;normal&#8221; font_weight=&#8221;700&#8243; text_transform=&#8221;uppercase&#8221;]Product improvement[\/vc_column_text]<style>.vcex-icon-box.vcex_69d2627166f56 .vcex-icon-box-content{color:#ffffff;font-size:20px;}.vcex-icon-box.vcex_69d2627166f56 .vcex-icon-box-heading{margin-bottom:5px;color:#fbb03b;font-size:50px;font-weight:700;text-transform:none;letter-spacing:-1.5px;line-height:130%;}@media (max-width:767px){.vcex-icon-box.vcex_69d2627166f56 .vcex-icon-box-content{font-size:16px;}.vcex-icon-box.vcex_69d2627166f56 .vcex-icon-box-heading{font-size:30px;}}@media (max-width:479px){.vcex-icon-box.vcex_69d2627166f56 .vcex-icon-box-content{font-size:16px;}.vcex-icon-box.vcex_69d2627166f56 .vcex-icon-box-heading{font-size:30px;}}<\/style><div class=\"vcex-module vcex-icon-box vcex-icon-box-one wpex-flex wpex-text-left tematica_icon_box mtd50 mtm35 vcex_69d2627166f56\"><div class=\"vcex-icon-box-symbol vcex-icon-box-symbol--image wpex-flex-shrink-0 wpex-mr-20\"><img width=\"159\" height=\"160\" src=\"https:\/\/innovationawards.sofidel.com\/wp-content\/uploads\/2025\/04\/Product-Revolution-Award.svg\" class=\"vcex-icon-box-image wpex-align-middle\" alt=\"\" loading=\"lazy\" decoding=\"async\" \/><\/div><div class=\"vcex-icon-box-text wpex-flex-grow\"><h2 class=\"vcex-icon-box-heading wpex-h3 wpex-m-0\">Product (R)evolution Award<\/h2><div class=\"vcex-icon-box-content wpex-last-mb-0 wpex-clr\"><p>Azokat az \u00f6tleteket \u00fcnnepli, amelyek a megl\u00e9v\u0151 term\u00e9kek jav\u00edt\u00e1s\u00e1ra vagy \u00faj term\u00e9kek fejleszt\u00e9s\u00e9re<br \/>\nir\u00e1nyulnak a v\u00e1s\u00e1rl\u00f3i el\u00e9gedetts\u00e9g \u00e9s a piaci versenyk\u00e9pess\u00e9g n\u00f6vel\u00e9se \u00e9rdek\u00e9ben.<\/p>\n<p><span style=\"color: #efb254\">N\u00e9h\u00e1ny p\u00e9lda:<\/span><br \/>\ntov\u00e1bbi funkci\u00f3k, optimaliz\u00e1lt felhaszn\u00e1l\u00f3i \u00e9lm\u00e9ny, fenntarthat\u00f3bb megold\u00e1sok, stb.<\/p>\n<\/div><\/div><\/div>[\/vc_column][\/vc_row][vc_row css_animation=&#8221;none&#8221; el_class=&#8221;riga_tematica ptd30 pbd50 ptm35 pbm35 plrm15&#8243; local_scroll_id=&#8221;efficiency-excellence&#8221;][vc_column][vc_column_text css=&#8221;&#8221; el_class=&#8221;tematica&#8221; text_align=&#8221;center&#8221; font_size=&#8221;16px&#8221; line_height=&#8221;normal&#8221; font_weight=&#8221;700&#8243; text_transform=&#8221;uppercase&#8221;]Process Improvement[\/vc_column_text]<style>.vcex-icon-box.vcex_69d262716817f .vcex-icon-box-content{color:#ffffff;font-size:20px;}.vcex-icon-box.vcex_69d262716817f .vcex-icon-box-heading{margin-bottom:5px;color:#fbb03b;font-size:50px;font-weight:700;text-transform:capitalize;letter-spacing:-1.5px;line-height:130%;}@media (max-width:767px){.vcex-icon-box.vcex_69d262716817f .vcex-icon-box-content{font-size:16px;}.vcex-icon-box.vcex_69d262716817f .vcex-icon-box-heading{font-size:30px;}}@media (max-width:479px){.vcex-icon-box.vcex_69d262716817f .vcex-icon-box-content{font-size:16px;}.vcex-icon-box.vcex_69d262716817f .vcex-icon-box-heading{font-size:30px;}}<\/style><div class=\"vcex-module vcex-icon-box vcex-icon-box-one wpex-flex wpex-text-left tematica_icon_box mtd50 mtm35 vcex_69d262716817f\"><div class=\"vcex-icon-box-symbol vcex-icon-box-symbol--image wpex-flex-shrink-0 wpex-mr-20\"><img width=\"158\" height=\"159\" src=\"https:\/\/innovationawards.sofidel.com\/wp-content\/uploads\/2025\/04\/Efficiency-Excellence-Award.svg\" class=\"vcex-icon-box-image wpex-align-middle\" alt=\"\" loading=\"lazy\" decoding=\"async\" \/><\/div><div class=\"vcex-icon-box-text wpex-flex-grow\"><h2 class=\"vcex-icon-box-heading wpex-h3 wpex-m-0\">Efficiency Excellence Award<\/h2><div class=\"vcex-icon-box-content wpex-last-mb-0 wpex-clr\"><p>C\u00e9lja az \u00fczleti hat\u00e9konys\u00e1g n\u00f6vel\u00e9se az id\u0151, a k\u00f6lts\u00e9gek \u00e9s az operat\u00edv bonyolults\u00e1g cs\u00f6kkent\u00e9s\u00e9vel.<\/p>\n<p><span style=\"color: #fbb03b\">N\u00e9h\u00e1ny p\u00e9lda:<\/span><br \/>\nautomatiz\u00e1l\u00e1s, \u00faj technol\u00f3giai eszk\u00f6z\u00f6k, optimaliz\u00e1lt operat\u00edv elj\u00e1r\u00e1sok, stb.<\/p>\n<\/div><\/div><\/div>[\/vc_column][\/vc_row][vc_row css_animation=&#8221;none&#8221; el_class=&#8221;riga_tematica ptd30 pbd50 ptm35 pbm35 plrm15&#8243; local_scroll_id=&#8221;community-spirit&#8221;][vc_column][vc_column_text css=&#8221;&#8221; el_class=&#8221;tematica&#8221; text_align=&#8221;center&#8221; font_size=&#8221;16px&#8221; line_height=&#8221;normal&#8221; font_weight=&#8221;700&#8243; text_transform=&#8221;uppercase&#8221;]Sense of Belonging[\/vc_column_text]<style>.vcex-icon-box.vcex_69d2627169302 .vcex-icon-box-content{color:#ffffff;font-size:20px;}.vcex-icon-box.vcex_69d2627169302 .vcex-icon-box-heading{margin-bottom:5px;color:#fbb03b;font-size:50px;font-weight:700;text-transform:capitalize;letter-spacing:-1.5px;line-height:130%;}@media (max-width:767px){.vcex-icon-box.vcex_69d2627169302 .vcex-icon-box-content{font-size:16px;}.vcex-icon-box.vcex_69d2627169302 .vcex-icon-box-heading{font-size:30px;}}@media (max-width:479px){.vcex-icon-box.vcex_69d2627169302 .vcex-icon-box-content{font-size:16px;}.vcex-icon-box.vcex_69d2627169302 .vcex-icon-box-heading{font-size:30px;}}<\/style><div class=\"vcex-module vcex-icon-box vcex-icon-box-one wpex-flex wpex-text-left tematica_icon_box mtd50 mtm35 vcex_69d2627169302\"><div class=\"vcex-icon-box-symbol vcex-icon-box-symbol--image wpex-flex-shrink-0 wpex-mr-20\"><img width=\"159\" height=\"160\" src=\"https:\/\/innovationawards.sofidel.com\/wp-content\/uploads\/2025\/04\/Community-Spirit-Award.svg\" class=\"vcex-icon-box-image wpex-align-middle\" alt=\"\" loading=\"lazy\" decoding=\"async\" \/><\/div><div class=\"vcex-icon-box-text wpex-flex-grow\"><h2 class=\"vcex-icon-box-heading wpex-h3 wpex-m-0\">Community Spirit Award<\/h2><div class=\"vcex-icon-box-content wpex-last-mb-0 wpex-clr\"><p>\u00d6szt\u00f6nzi azokat az kezdem\u00e9nyez\u00e9seket, amelyek er\u0151s\u00edtik az alkalmazottak elk\u00f6telezetts\u00e9g\u00e9t \u00e9s j\u00f3l\u00e9t\u00e9t,<br \/>\nel\u0151seg\u00edtve az inkl\u00fazi\u00f3t \u00e9s az egy\u00fcttm\u0171k\u00f6d\u00e9st.<\/p>\n<p><span style=\"color: #efb254\">N\u00e9h\u00e1ny p\u00e9lda:<\/span><br \/>\nk\u00f6z\u00f6ss\u00e9gi esem\u00e9nyek, mentor\u00e1l\u00e1si programok, jav\u00edtott bels\u0151 kommunik\u00e1ci\u00f3s rendszerek, stb.<\/p>\n<\/div><\/div><\/div>[\/vc_column][\/vc_row][vc_row css_animation=&#8221;none&#8221; el_class=&#8221;riga_tematica ptd30 pbd50 ptm35 pbm35 plrm15&#8243; local_scroll_id=&#8221;green-innovator&#8221;][vc_column][vc_column_text css=&#8221;&#8221; el_class=&#8221;tematica&#8221; text_align=&#8221;center&#8221; font_size=&#8221;16px&#8221; line_height=&#8221;normal&#8221; font_weight=&#8221;700&#8243; text_transform=&#8221;uppercase&#8221;]Environmental Impact[\/vc_column_text]<style>.vcex-icon-box.vcex_69d262716a510 .vcex-icon-box-content{color:#ffffff;font-size:20px;}.vcex-icon-box.vcex_69d262716a510 .vcex-icon-box-heading{margin-bottom:5px;color:#fbb03b;font-size:50px;font-weight:700;text-transform:capitalize;letter-spacing:-1.5px;line-height:130%;}@media (max-width:767px){.vcex-icon-box.vcex_69d262716a510 .vcex-icon-box-content{font-size:16px;}.vcex-icon-box.vcex_69d262716a510 .vcex-icon-box-heading{font-size:30px;}}@media (max-width:479px){.vcex-icon-box.vcex_69d262716a510 .vcex-icon-box-content{font-size:16px;}.vcex-icon-box.vcex_69d262716a510 .vcex-icon-box-heading{font-size:30px;}}<\/style><div class=\"vcex-module vcex-icon-box vcex-icon-box-one wpex-flex wpex-text-left tematica_icon_box mtd50 mtm35 vcex_69d262716a510\"><div class=\"vcex-icon-box-symbol vcex-icon-box-symbol--image wpex-flex-shrink-0 wpex-mr-20\"><img width=\"157\" height=\"143\" src=\"https:\/\/innovationawards.sofidel.com\/wp-content\/uploads\/2025\/04\/Green-Innovator-Award.svg\" class=\"vcex-icon-box-image wpex-align-middle\" alt=\"\" loading=\"lazy\" decoding=\"async\" \/><\/div><div class=\"vcex-icon-box-text wpex-flex-grow\"><h2 class=\"vcex-icon-box-heading wpex-h3 wpex-m-0\">Green Innovator Award<\/h2><div class=\"vcex-icon-box-content wpex-last-mb-0 wpex-clr\"><p>Jutalmazza azokat az \u00f6tleteket, amelyek seg\u00edtenek cs\u00f6kkenteni a v\u00e1llalat k\u00f6rnyezeti l\u00e1bnyom\u00e1t, t\u00e1mogatva a<br \/>\nfenntarthat\u00f3 gyakorlatokra val\u00f3 \u00e1t\u00e1ll\u00e1st.<\/p>\n<p><span style=\"color: #efb254\">N\u00e9h\u00e1ny p\u00e9lda:<\/span><br \/>\nhullad\u00e9kcs\u00f6kkent\u00e9s, energiahat\u00e9konys\u00e1g, er\u0151forr\u00e1s-megtakar\u00edt\u00e1si kezdem\u00e9nyez\u00e9sek, stb.<\/p>\n<\/div><\/div><\/div>[\/vc_column][\/vc_row][vc_row css_animation=&#8221;none&#8221; el_class=&#8221;riga_tematica ptd30 pbd50 ptm35 pbm35 plrm15&#8243; local_scroll_id=&#8221;look-beyond&#8221;][vc_column][vc_column_text css=&#8221;&#8221; el_class=&#8221;tematica&#8221; text_align=&#8221;center&#8221; font_size=&#8221;16px&#8221; line_height=&#8221;normal&#8221; font_weight=&#8221;700&#8243; text_transform=&#8221;uppercase&#8221;]Strategic Vision[\/vc_column_text]<style>.vcex-icon-box.vcex_69d262716b760 .vcex-icon-box-content{color:#ffffff;font-size:20px;}.vcex-icon-box.vcex_69d262716b760 .vcex-icon-box-heading{margin-bottom:5px;color:#fbb03b;font-size:50px;font-weight:700;text-transform:capitalize;letter-spacing:-1.5px;line-height:130%;}@media (max-width:767px){.vcex-icon-box.vcex_69d262716b760 .vcex-icon-box-content{font-size:16px;}.vcex-icon-box.vcex_69d262716b760 .vcex-icon-box-heading{font-size:30px;}}@media (max-width:479px){.vcex-icon-box.vcex_69d262716b760 .vcex-icon-box-content{font-size:16px;}.vcex-icon-box.vcex_69d262716b760 .vcex-icon-box-heading{font-size:30px;}}<\/style><div class=\"vcex-module vcex-icon-box vcex-icon-box-one wpex-flex wpex-text-left tematica_icon_box mtd50 mtm35 vcex_69d262716b760\"><div class=\"vcex-icon-box-symbol vcex-icon-box-symbol--image wpex-flex-shrink-0 wpex-mr-20\"><img width=\"159\" height=\"117\" src=\"https:\/\/innovationawards.sofidel.com\/wp-content\/uploads\/2025\/04\/Look-beyond-Award.svg\" class=\"vcex-icon-box-image wpex-align-middle\" alt=\"\" loading=\"lazy\" decoding=\"async\" \/><\/div><div class=\"vcex-icon-box-text wpex-flex-grow\"><h2 class=\"vcex-icon-box-heading wpex-h3 wpex-m-0\">Look beyond Award<\/h2><div class=\"vcex-icon-box-content wpex-last-mb-0 wpex-clr\"><p>\u00d6szt\u00f6nzi azokat a hossz\u00fa t\u00e1v\u00fa, innov\u00e1ci\u00f3ra \u00f6sszpontos\u00edt\u00f3 projekteket, amelyek el\u0151re l\u00e1tj\u00e1k a j\u00f6v\u0151beli piaci<br \/>\nig\u00e9nyeket \u00e9s az \u00fczleti fejl\u0151d\u00e9st.<\/p>\n<p><span style=\"color: #efb254\">N\u00e9h\u00e1ny p\u00e9lda:<\/span><br \/>\nnagyszab\u00e1s\u00fa projektek, amelyek t\u00f6bb \u00fczleti ter\u00fcletet is magukban foglalnak, sk\u00e1l\u00e1zhat\u00f3 \u00e9s<br \/>\nmodul\u00e1ris megold\u00e1sok, stb.<\/p>\n<\/div><\/div><\/div>[\/vc_column][\/vc_row][vc_row css_animation=&#8221;none&#8221; el_class=&#8221;riga_tematica ptd30 pbd180 ptm35 pbm70 plrm15&#8243; local_scroll_id=&#8221;up-to-you&#8221;][vc_column][vc_column_text css=&#8221;&#8221; el_class=&#8221;tematica&#8221; text_align=&#8221;center&#8221; font_size=&#8221;16px&#8221; line_height=&#8221;normal&#8221; font_weight=&#8221;700&#8243; text_transform=&#8221;uppercase&#8221;]Wildcard Wonder[\/vc_column_text]<style>.vcex-icon-box.vcex_69d262716c79e .vcex-icon-box-content{color:#ffffff;font-size:20px;}.vcex-icon-box.vcex_69d262716c79e .vcex-icon-box-heading{margin-bottom:5px;color:#fbb03b;font-size:50px;font-weight:700;text-transform:capitalize;letter-spacing:-1.5px;line-height:130%;}@media (max-width:767px){.vcex-icon-box.vcex_69d262716c79e .vcex-icon-box-content{font-size:16px;}.vcex-icon-box.vcex_69d262716c79e .vcex-icon-box-heading{font-size:30px;}}@media (max-width:479px){.vcex-icon-box.vcex_69d262716c79e .vcex-icon-box-content{font-size:16px;}.vcex-icon-box.vcex_69d262716c79e .vcex-icon-box-heading{font-size:30px;}}<\/style><div class=\"vcex-module vcex-icon-box vcex-icon-box-one wpex-flex wpex-text-left tematica_icon_box mtd50 mtm35 vcex_69d262716c79e\"><div class=\"vcex-icon-box-symbol vcex-icon-box-symbol--image wpex-flex-shrink-0 wpex-mr-20\"><img width=\"158\" height=\"194\" src=\"https:\/\/innovationawards.sofidel.com\/wp-content\/uploads\/2025\/04\/Up-to-You-Award.svg\" class=\"vcex-icon-box-image wpex-align-middle\" alt=\"\" loading=\"lazy\" decoding=\"async\" \/><\/div><div class=\"vcex-icon-box-text wpex-flex-grow\"><h2 class=\"vcex-icon-box-heading wpex-h3 wpex-m-0\">Up to You! Award<\/h2><div class=\"vcex-icon-box-content wpex-last-mb-0 wpex-clr\"><p>Egy nyitott kateg\u00f3ria, amely az innovat\u00edv \u00f6tletek sz\u00e1m\u00e1ra van fenntartva, amelyek nem illeszkednek a t\u00f6bbi<br \/>\nter\u00fcletbe, de \u00e9rt\u00e9ket adnak a v\u00e1llalat sz\u00e1m\u00e1ra.<\/p>\n<p><span style=\"color: #efb254\">N\u00e9h\u00e1ny p\u00e9lda:<\/span><br \/>\nkreat\u00edv projektek, szokatlan megold\u00e1sok, stb.<\/p>\n<\/div><\/div><\/div>[\/vc_column][\/vc_row]\n<\/div>","protected":false},"excerpt":{"rendered":"<p>[vc_row css_animation=&#8221;none&#8221; el_class=&#8221;riga_tematica ptd30 pbd50 ptm35 pbm35 plrm15&#8243; local_scroll_id=&#8221;safety-first&#8221;][vc_column][vc_column_text css=&#8221;&#8221; el_class=&#8221;tematica&#8221; text_align=&#8221;center&#8221; font_size=&#8221;16px&#8221; line_height=&#8221;normal&#8221; font_weight=&#8221;700&#8243; text_transform=&#8221;uppercase&#8221;]healtH &amp; safety[\/vc_column_text][\/vc_column][\/vc_row][vc_row css_animation=&#8221;none&#8221; el_class=&#8221;riga_tematica ptd30 pbd50 ptm35 pbm35 plrm15&#8243; local_scroll_id=&#8221;product-revolution&#8221;][vc_column][vc_column_text css=&#8221;&#8221; el_class=&#8221;tematica&#8221; text_align=&#8221;center&#8221; font_size=&#8221;16px&#8221; line_height=&#8221;normal&#8221; font_weight=&#8221;700&#8243; text_transform=&#8221;uppercase&#8221;]Product improvement[\/vc_column_text][\/vc_column][\/vc_row][vc_row css_animation=&#8221;none&#8221; el_class=&#8221;riga_tematica ptd30 pbd50 ptm35 pbm35 plrm15&#8243; local_scroll_id=&#8221;efficiency-excellence&#8221;][vc_column][vc_column_text css=&#8221;&#8221; el_class=&#8221;tematica&#8221; text_align=&#8221;center&#8221; font_size=&#8221;16px&#8221; line_height=&#8221;normal&#8221; font_weight=&#8221;700&#8243; text_transform=&#8221;uppercase&#8221;]Process Improvement[\/vc_column_text][\/vc_column][\/vc_row][vc_row css_animation=&#8221;none&#8221; el_class=&#8221;riga_tematica ptd30 pbd50 ptm35&hellip;<\/p>\n","protected":false},"author":1,"featured_media":0,"parent":0,"menu_order":0,"comment_status":"closed","ping_status":"closed","template":"","meta":{"inline_featured_image":false,"footnotes":""},"class_list":["post-903","page","type-page","status-publish","hentry","entry","no-media"],"acf":[],"_links":{"self":[{"href":"https:\/\/innovationawards.sofidel.com\/hu\/wp-json\/wp\/v2\/pages\/903","targetHints":{"allow":["GET"]}}],"collection":[{"href":"https:\/\/innovationawards.sofidel.com\/hu\/wp-json\/wp\/v2\/pages"}],"about":[{"href":"https:\/\/innovationawards.sofidel.com\/hu\/wp-json\/wp\/v2\/types\/page"}],"author":[{"embeddable":true,"href":"https:\/\/innovationawards.sofidel.com\/hu\/wp-json\/wp\/v2\/users\/1"}],"replies":[{"embeddable":true,"href":"https:\/\/innovationawards.sofidel.com\/hu\/wp-json\/wp\/v2\/comments?post=903"}],"version-history":[{"count":4,"href":"https:\/\/innovationawards.sofidel.com\/hu\/wp-json\/wp\/v2\/pages\/903\/revisions"}],"predecessor-version":[{"id":967,"href":"https:\/\/innovationawards.sofidel.com\/hu\/wp-json\/wp\/v2\/pages\/903\/revisions\/967"}],"wp:attachment":[{"href":"https:\/\/innovationawards.sofidel.com\/hu\/wp-json\/wp\/v2\/media?parent=903"}],"curies":[{"name":"wp","href":"https:\/\/api.w.org\/{rel}","templated":true}]}}