{"id":868,"date":"2025-04-30T12:19:02","date_gmt":"2025-04-30T10:19:02","guid":{"rendered":"https:\/\/innovationawards.sofidel.com\/tematiche\/"},"modified":"2025-05-06T09:00:38","modified_gmt":"2025-05-06T07:00:38","slug":"themes","status":"publish","type":"page","link":"https:\/\/innovationawards.sofidel.com\/fr\/themes\/","title":{"rendered":"Th\u00e8mes"},"content":{"rendered":"<div class=\"wpb-content-wrapper\">[vc_row css_animation=\u00a0\u00bbnone\u00a0\u00bb el_class=\u00a0\u00bbriga_tematica ptd30 pbd50 ptm35 pbm35 plrm15&Prime; local_scroll_id=\u00a0\u00bbsafety-first\u00a0\u00bb][vc_column][vc_column_text css=\u00a0\u00bb\u00a0\u00bb el_class=\u00a0\u00bbtematica\u00a0\u00bb text_align=\u00a0\u00bbcenter\u00a0\u00bb font_size=\u00a0\u00bb16px\u00a0\u00bb line_height=\u00a0\u00bbnormal\u00a0\u00bb font_weight=\u00a0\u00bb700&Prime; text_transform=\u00a0\u00bbuppercase\u00a0\u00bb]healtH &amp; safety[\/vc_column_text]<style>.vcex-icon-box.vcex_69d262584e712 .vcex-icon-box-content{color:#ffffff;font-size:20px;}.vcex-icon-box.vcex_69d262584e712 .vcex-icon-box-heading{margin-bottom:5px;color:#fbb03b;font-size:50px;font-weight:700;text-transform:capitalize;letter-spacing:-1.5px;line-height:130%;}@media (max-width:767px){.vcex-icon-box.vcex_69d262584e712 .vcex-icon-box-content{font-size:16px;}.vcex-icon-box.vcex_69d262584e712 .vcex-icon-box-heading{font-size:30px;}}@media (max-width:479px){.vcex-icon-box.vcex_69d262584e712 .vcex-icon-box-content{font-size:16px;}.vcex-icon-box.vcex_69d262584e712 .vcex-icon-box-heading{font-size:30px;}}<\/style><div class=\"vcex-module vcex-icon-box vcex-icon-box-one wpex-flex wpex-text-left tematica_icon_box mtd50 mtm35 vcex_69d262584e712\"><div class=\"vcex-icon-box-symbol vcex-icon-box-symbol--image wpex-flex-shrink-0 wpex-mr-20\"><img width=\"161\" height=\"159\" src=\"https:\/\/innovationawards.sofidel.com\/wp-content\/uploads\/2025\/04\/Safety-First-Award.svg\" class=\"vcex-icon-box-image wpex-align-middle\" alt=\"\" loading=\"lazy\" decoding=\"async\" \/><\/div><div class=\"vcex-icon-box-text wpex-flex-grow\"><h2 class=\"vcex-icon-box-heading wpex-h3 wpex-m-0\">Safety First Award<\/h2><div class=\"vcex-icon-box-content wpex-last-mb-0 wpex-clr\"><p>Encourage les id\u00e9es visant \u00e0 am\u00e9liorer les pratiques de sant\u00e9 et de s\u00e9curit\u00e9 sur le lieu de travail.<\/p>\n<p><span style=\"color: #fbb03b\">Quelques exemples :<\/span><br \/>\nnouveaux protocoles de s\u00e9curit\u00e9, \u00e9quipements de protection avanc\u00e9s, programmes de<br \/>\nformation, initiatives pour le bien-\u00eatre mental, etc.<\/p>\n<\/div><\/div><\/div>[\/vc_column][\/vc_row][vc_row css_animation=\u00a0\u00bbnone\u00a0\u00bb el_class=\u00a0\u00bbriga_tematica ptd30 pbd50 ptm35 pbm35 plrm15&Prime; local_scroll_id=\u00a0\u00bbproduct-revolution\u00a0\u00bb][vc_column][vc_column_text css=\u00a0\u00bb\u00a0\u00bb el_class=\u00a0\u00bbtematica\u00a0\u00bb text_align=\u00a0\u00bbcenter\u00a0\u00bb font_size=\u00a0\u00bb16px\u00a0\u00bb line_height=\u00a0\u00bbnormal\u00a0\u00bb font_weight=\u00a0\u00bb700&Prime; text_transform=\u00a0\u00bbuppercase\u00a0\u00bb]Product improvement[\/vc_column_text]<style>.vcex-icon-box.vcex_69d2625850154 .vcex-icon-box-content{color:#ffffff;font-size:20px;}.vcex-icon-box.vcex_69d2625850154 .vcex-icon-box-heading{margin-bottom:5px;color:#fbb03b;font-size:50px;font-weight:700;text-transform:none;letter-spacing:-1.5px;line-height:130%;}@media (max-width:767px){.vcex-icon-box.vcex_69d2625850154 .vcex-icon-box-content{font-size:16px;}.vcex-icon-box.vcex_69d2625850154 .vcex-icon-box-heading{font-size:30px;}}@media (max-width:479px){.vcex-icon-box.vcex_69d2625850154 .vcex-icon-box-content{font-size:16px;}.vcex-icon-box.vcex_69d2625850154 .vcex-icon-box-heading{font-size:30px;}}<\/style><div class=\"vcex-module vcex-icon-box vcex-icon-box-one wpex-flex wpex-text-left tematica_icon_box mtd50 mtm35 vcex_69d2625850154\"><div class=\"vcex-icon-box-symbol vcex-icon-box-symbol--image wpex-flex-shrink-0 wpex-mr-20\"><img width=\"159\" height=\"160\" src=\"https:\/\/innovationawards.sofidel.com\/wp-content\/uploads\/2025\/04\/Product-Revolution-Award.svg\" class=\"vcex-icon-box-image wpex-align-middle\" alt=\"\" loading=\"lazy\" decoding=\"async\" \/><\/div><div class=\"vcex-icon-box-text wpex-flex-grow\"><h2 class=\"vcex-icon-box-heading wpex-h3 wpex-m-0\">Product (R)evolution Award<\/h2><div class=\"vcex-icon-box-content wpex-last-mb-0 wpex-clr\"><p>R\u00e9compense les id\u00e9es visant \u00e0 am\u00e9liorer les produits existants ou \u00e0 en d\u00e9velopper de nouveaux afin<br \/>\nd\u2019augmenter la satisfaction client et la comp\u00e9titivit\u00e9 sur le march\u00e9.<\/p>\n<p><span style=\"color: #efb254\">Quelques exemples :<\/span><br \/>\nnouvelles fonctionnalit\u00e9s, optimisation de l\u2019exp\u00e9rience utilisateur, solutions plus<br \/>\ndurables, etc.<\/p>\n<\/div><\/div><\/div>[\/vc_column][\/vc_row][vc_row css_animation=\u00a0\u00bbnone\u00a0\u00bb el_class=\u00a0\u00bbriga_tematica ptd30 pbd50 ptm35 pbm35 plrm15&Prime; local_scroll_id=\u00a0\u00bbefficiency-excellence\u00a0\u00bb][vc_column][vc_column_text css=\u00a0\u00bb\u00a0\u00bb el_class=\u00a0\u00bbtematica\u00a0\u00bb text_align=\u00a0\u00bbcenter\u00a0\u00bb font_size=\u00a0\u00bb16px\u00a0\u00bb line_height=\u00a0\u00bbnormal\u00a0\u00bb font_weight=\u00a0\u00bb700&Prime; text_transform=\u00a0\u00bbuppercase\u00a0\u00bb]Process Improvement[\/vc_column_text]<style>.vcex-icon-box.vcex_69d2625851463 .vcex-icon-box-content{color:#ffffff;font-size:20px;}.vcex-icon-box.vcex_69d2625851463 .vcex-icon-box-heading{margin-bottom:5px;color:#fbb03b;font-size:50px;font-weight:700;text-transform:capitalize;letter-spacing:-1.5px;line-height:130%;}@media (max-width:767px){.vcex-icon-box.vcex_69d2625851463 .vcex-icon-box-content{font-size:16px;}.vcex-icon-box.vcex_69d2625851463 .vcex-icon-box-heading{font-size:30px;}}@media (max-width:479px){.vcex-icon-box.vcex_69d2625851463 .vcex-icon-box-content{font-size:16px;}.vcex-icon-box.vcex_69d2625851463 .vcex-icon-box-heading{font-size:30px;}}<\/style><div class=\"vcex-module vcex-icon-box vcex-icon-box-one wpex-flex wpex-text-left tematica_icon_box mtd50 mtm35 vcex_69d2625851463\"><div class=\"vcex-icon-box-symbol vcex-icon-box-symbol--image wpex-flex-shrink-0 wpex-mr-20\"><img width=\"158\" height=\"159\" src=\"https:\/\/innovationawards.sofidel.com\/wp-content\/uploads\/2025\/04\/Efficiency-Excellence-Award.svg\" class=\"vcex-icon-box-image wpex-align-middle\" alt=\"\" loading=\"lazy\" decoding=\"async\" \/><\/div><div class=\"vcex-icon-box-text wpex-flex-grow\"><h2 class=\"vcex-icon-box-heading wpex-h3 wpex-m-0\">Efficiency Excellence Award<\/h2><div class=\"vcex-icon-box-content wpex-last-mb-0 wpex-clr\"><p>A pour objectif d\u2019am\u00e9liorer l\u2019efficacit\u00e9 de l\u2019entreprise en r\u00e9duisant le temps, les co\u00fbts et la complexit\u00e9<br \/>\nop\u00e9rationnelle.<\/p>\n<p><span style=\"color: #fbb03b\">Quelques exemples :<\/span><br \/>\nautomatisation, nouveaux outils technologiques, proc\u00e9dures op\u00e9rationnelles optimis\u00e9es,<br \/>\netc.<\/p>\n<\/div><\/div><\/div>[\/vc_column][\/vc_row][vc_row css_animation=\u00a0\u00bbnone\u00a0\u00bb el_class=\u00a0\u00bbriga_tematica ptd30 pbd50 ptm35 pbm35 plrm15&Prime; local_scroll_id=\u00a0\u00bbcommunity-spirit\u00a0\u00bb][vc_column][vc_column_text css=\u00a0\u00bb\u00a0\u00bb el_class=\u00a0\u00bbtematica\u00a0\u00bb text_align=\u00a0\u00bbcenter\u00a0\u00bb font_size=\u00a0\u00bb16px\u00a0\u00bb line_height=\u00a0\u00bbnormal\u00a0\u00bb font_weight=\u00a0\u00bb700&Prime; text_transform=\u00a0\u00bbuppercase\u00a0\u00bb]Sense of Belonging[\/vc_column_text]<style>.vcex-icon-box.vcex_69d2625852684 .vcex-icon-box-content{color:#ffffff;font-size:20px;}.vcex-icon-box.vcex_69d2625852684 .vcex-icon-box-heading{margin-bottom:5px;color:#fbb03b;font-size:50px;font-weight:700;text-transform:capitalize;letter-spacing:-1.5px;line-height:130%;}@media (max-width:767px){.vcex-icon-box.vcex_69d2625852684 .vcex-icon-box-content{font-size:16px;}.vcex-icon-box.vcex_69d2625852684 .vcex-icon-box-heading{font-size:30px;}}@media (max-width:479px){.vcex-icon-box.vcex_69d2625852684 .vcex-icon-box-content{font-size:16px;}.vcex-icon-box.vcex_69d2625852684 .vcex-icon-box-heading{font-size:30px;}}<\/style><div class=\"vcex-module vcex-icon-box vcex-icon-box-one wpex-flex wpex-text-left tematica_icon_box mtd50 mtm35 vcex_69d2625852684\"><div class=\"vcex-icon-box-symbol vcex-icon-box-symbol--image wpex-flex-shrink-0 wpex-mr-20\"><img width=\"159\" height=\"160\" src=\"https:\/\/innovationawards.sofidel.com\/wp-content\/uploads\/2025\/04\/Community-Spirit-Award.svg\" class=\"vcex-icon-box-image wpex-align-middle\" alt=\"\" loading=\"lazy\" decoding=\"async\" \/><\/div><div class=\"vcex-icon-box-text wpex-flex-grow\"><h2 class=\"vcex-icon-box-heading wpex-h3 wpex-m-0\">Community Spirit Award<\/h2><div class=\"vcex-icon-box-content wpex-last-mb-0 wpex-clr\"><p>Encourage les initiatives qui renforcent l\u2019engagement et le bien-\u00eatre des collaborateurs, en favorisant<br \/>\nl\u2019inclusion et la collaboration.<\/p>\n<p><span style=\"color: #efb254\">Quelques exemples :<\/span><br \/>\n\u00e9v\u00e9nements sociaux, programmes de mentorat, am\u00e9lioration des syst\u00e8mes de<br \/>\ncommunication interne, etc.<\/p>\n<\/div><\/div><\/div>[\/vc_column][\/vc_row][vc_row css_animation=\u00a0\u00bbnone\u00a0\u00bb el_class=\u00a0\u00bbriga_tematica ptd30 pbd50 ptm35 pbm35 plrm15&Prime; local_scroll_id=\u00a0\u00bbgreen-innovator\u00a0\u00bb][vc_column][vc_column_text css=\u00a0\u00bb\u00a0\u00bb el_class=\u00a0\u00bbtematica\u00a0\u00bb text_align=\u00a0\u00bbcenter\u00a0\u00bb font_size=\u00a0\u00bb16px\u00a0\u00bb line_height=\u00a0\u00bbnormal\u00a0\u00bb font_weight=\u00a0\u00bb700&Prime; text_transform=\u00a0\u00bbuppercase\u00a0\u00bb]Environmental Impact[\/vc_column_text]<style>.vcex-icon-box.vcex_69d262585385c .vcex-icon-box-content{color:#ffffff;font-size:20px;}.vcex-icon-box.vcex_69d262585385c .vcex-icon-box-heading{margin-bottom:5px;color:#fbb03b;font-size:50px;font-weight:700;text-transform:capitalize;letter-spacing:-1.5px;line-height:130%;}@media (max-width:767px){.vcex-icon-box.vcex_69d262585385c .vcex-icon-box-content{font-size:16px;}.vcex-icon-box.vcex_69d262585385c .vcex-icon-box-heading{font-size:30px;}}@media (max-width:479px){.vcex-icon-box.vcex_69d262585385c .vcex-icon-box-content{font-size:16px;}.vcex-icon-box.vcex_69d262585385c .vcex-icon-box-heading{font-size:30px;}}<\/style><div class=\"vcex-module vcex-icon-box vcex-icon-box-one wpex-flex wpex-text-left tematica_icon_box mtd50 mtm35 vcex_69d262585385c\"><div class=\"vcex-icon-box-symbol vcex-icon-box-symbol--image wpex-flex-shrink-0 wpex-mr-20\"><img width=\"157\" height=\"143\" src=\"https:\/\/innovationawards.sofidel.com\/wp-content\/uploads\/2025\/04\/Green-Innovator-Award.svg\" class=\"vcex-icon-box-image wpex-align-middle\" alt=\"\" loading=\"lazy\" decoding=\"async\" \/><\/div><div class=\"vcex-icon-box-text wpex-flex-grow\"><h2 class=\"vcex-icon-box-heading wpex-h3 wpex-m-0\">Green Innovator Award<\/h2><div class=\"vcex-icon-box-content wpex-last-mb-0 wpex-clr\"><p>R\u00e9compense les id\u00e9es contribuant \u00e0 r\u00e9duire l\u2019empreinte environnementale de l\u2019entreprise, en soutenant la<br \/>\ntransition vers des pratiques durables.<\/p>\n<p><span style=\"color: #efb254\">Quelques exemples :<\/span><br \/>\nr\u00e9duction des d\u00e9chets, efficacit\u00e9 \u00e9nerg\u00e9tique, initiatives pour la pr\u00e9servation des<br \/>\nressources, etc.<\/p>\n<\/div><\/div><\/div>[\/vc_column][\/vc_row][vc_row css_animation=\u00a0\u00bbnone\u00a0\u00bb el_class=\u00a0\u00bbriga_tematica ptd30 pbd50 ptm35 pbm35 plrm15&Prime; local_scroll_id=\u00a0\u00bblook-beyond\u00a0\u00bb][vc_column][vc_column_text css=\u00a0\u00bb\u00a0\u00bb el_class=\u00a0\u00bbtematica\u00a0\u00bb text_align=\u00a0\u00bbcenter\u00a0\u00bb font_size=\u00a0\u00bb16px\u00a0\u00bb line_height=\u00a0\u00bbnormal\u00a0\u00bb font_weight=\u00a0\u00bb700&Prime; text_transform=\u00a0\u00bbuppercase\u00a0\u00bb]Strategic Vision[\/vc_column_text]<style>.vcex-icon-box.vcex_69d2625854acd .vcex-icon-box-content{color:#ffffff;font-size:20px;}.vcex-icon-box.vcex_69d2625854acd .vcex-icon-box-heading{margin-bottom:5px;color:#fbb03b;font-size:50px;font-weight:700;text-transform:capitalize;letter-spacing:-1.5px;line-height:130%;}@media (max-width:767px){.vcex-icon-box.vcex_69d2625854acd .vcex-icon-box-content{font-size:16px;}.vcex-icon-box.vcex_69d2625854acd .vcex-icon-box-heading{font-size:30px;}}@media (max-width:479px){.vcex-icon-box.vcex_69d2625854acd .vcex-icon-box-content{font-size:16px;}.vcex-icon-box.vcex_69d2625854acd .vcex-icon-box-heading{font-size:30px;}}<\/style><div class=\"vcex-module vcex-icon-box vcex-icon-box-one wpex-flex wpex-text-left tematica_icon_box mtd50 mtm35 vcex_69d2625854acd\"><div class=\"vcex-icon-box-symbol vcex-icon-box-symbol--image wpex-flex-shrink-0 wpex-mr-20\"><img width=\"159\" height=\"117\" src=\"https:\/\/innovationawards.sofidel.com\/wp-content\/uploads\/2025\/04\/Look-beyond-Award.svg\" class=\"vcex-icon-box-image wpex-align-middle\" alt=\"\" loading=\"lazy\" decoding=\"async\" \/><\/div><div class=\"vcex-icon-box-text wpex-flex-grow\"><h2 class=\"vcex-icon-box-heading wpex-h3 wpex-m-0\">Look beyond Award<\/h2><div class=\"vcex-icon-box-content wpex-last-mb-0 wpex-clr\"><p>Encourage les projets innovants \u00e0 long terme, ax\u00e9s sur l\u2019anticipation des besoins futurs du march\u00e9 et<br \/>\nl\u2019\u00e9volution de l\u2019activit\u00e9.<\/p>\n<p><span style=\"color: #efb254\">Quelques exemples :<\/span><br \/>\nprojets \u00e0 grande \u00e9chelle impliquant plusieurs domaines d\u2019activit\u00e9, solutions \u00e9volutives<br \/>\net modulables, etc.<\/p>\n<\/div><\/div><\/div>[\/vc_column][\/vc_row][vc_row css_animation=\u00a0\u00bbnone\u00a0\u00bb el_class=\u00a0\u00bbriga_tematica ptd30 pbd180 ptm35 pbm70 plrm15&Prime; local_scroll_id=\u00a0\u00bbup-to-you\u00a0\u00bb][vc_column][vc_column_text css=\u00a0\u00bb\u00a0\u00bb el_class=\u00a0\u00bbtematica\u00a0\u00bb text_align=\u00a0\u00bbcenter\u00a0\u00bb font_size=\u00a0\u00bb16px\u00a0\u00bb line_height=\u00a0\u00bbnormal\u00a0\u00bb font_weight=\u00a0\u00bb700&Prime; text_transform=\u00a0\u00bbuppercase\u00a0\u00bb]Wildcard Wonder[\/vc_column_text]<style>.vcex-icon-box.vcex_69d2625855ccf .vcex-icon-box-content{color:#ffffff;font-size:20px;}.vcex-icon-box.vcex_69d2625855ccf .vcex-icon-box-heading{margin-bottom:5px;color:#fbb03b;font-size:50px;font-weight:700;text-transform:capitalize;letter-spacing:-1.5px;line-height:130%;}@media (max-width:767px){.vcex-icon-box.vcex_69d2625855ccf .vcex-icon-box-content{font-size:16px;}.vcex-icon-box.vcex_69d2625855ccf .vcex-icon-box-heading{font-size:30px;}}@media (max-width:479px){.vcex-icon-box.vcex_69d2625855ccf .vcex-icon-box-content{font-size:16px;}.vcex-icon-box.vcex_69d2625855ccf .vcex-icon-box-heading{font-size:30px;}}<\/style><div class=\"vcex-module vcex-icon-box vcex-icon-box-one wpex-flex wpex-text-left tematica_icon_box mtd50 mtm35 vcex_69d2625855ccf\"><div class=\"vcex-icon-box-symbol vcex-icon-box-symbol--image wpex-flex-shrink-0 wpex-mr-20\"><img width=\"158\" height=\"194\" src=\"https:\/\/innovationawards.sofidel.com\/wp-content\/uploads\/2025\/04\/Up-to-You-Award.svg\" class=\"vcex-icon-box-image wpex-align-middle\" alt=\"\" loading=\"lazy\" decoding=\"async\" \/><\/div><div class=\"vcex-icon-box-text wpex-flex-grow\"><h2 class=\"vcex-icon-box-heading wpex-h3 wpex-m-0\">Up to You! Award<\/h2><div class=\"vcex-icon-box-content wpex-last-mb-0 wpex-clr\"><p>Une cat\u00e9gorie ouverte aux id\u00e9es innovantes qui ne s\u2019inscrivent pas dans les autres domaines, mais qui<br \/>\napportent une r\u00e9elle valeur \u00e0 l\u2019entreprise.<\/p>\n<p><span style=\"color: #efb254\">Quelques exemples :<\/span><br \/>\nprojets cr\u00e9atifs, solutions originales et inattendues, etc.<\/p>\n<\/div><\/div><\/div>[\/vc_column][\/vc_row]\n<\/div>","protected":false},"excerpt":{"rendered":"<p>[vc_row css_animation=\u00a0\u00bbnone\u00a0\u00bb el_class=\u00a0\u00bbriga_tematica ptd30 pbd50 ptm35 pbm35 plrm15&Prime; local_scroll_id=\u00a0\u00bbsafety-first\u00a0\u00bb][vc_column][vc_column_text css=\u00a0\u00bb\u00a0\u00bb el_class=\u00a0\u00bbtematica\u00a0\u00bb text_align=\u00a0\u00bbcenter\u00a0\u00bb font_size=\u00a0\u00bb16px\u00a0\u00bb line_height=\u00a0\u00bbnormal\u00a0\u00bb font_weight=\u00a0\u00bb700&Prime; text_transform=\u00a0\u00bbuppercase\u00a0\u00bb]healtH &amp; safety[\/vc_column_text][\/vc_column][\/vc_row][vc_row css_animation=\u00a0\u00bbnone\u00a0\u00bb el_class=\u00a0\u00bbriga_tematica ptd30 pbd50 ptm35 pbm35 plrm15&Prime; local_scroll_id=\u00a0\u00bbproduct-revolution\u00a0\u00bb][vc_column][vc_column_text css=\u00a0\u00bb\u00a0\u00bb el_class=\u00a0\u00bbtematica\u00a0\u00bb text_align=\u00a0\u00bbcenter\u00a0\u00bb font_size=\u00a0\u00bb16px\u00a0\u00bb line_height=\u00a0\u00bbnormal\u00a0\u00bb font_weight=\u00a0\u00bb700&Prime; text_transform=\u00a0\u00bbuppercase\u00a0\u00bb]Product improvement[\/vc_column_text][\/vc_column][\/vc_row][vc_row css_animation=\u00a0\u00bbnone\u00a0\u00bb el_class=\u00a0\u00bbriga_tematica ptd30 pbd50 ptm35 pbm35 plrm15&Prime; local_scroll_id=\u00a0\u00bbefficiency-excellence\u00a0\u00bb][vc_column][vc_column_text css=\u00a0\u00bb\u00a0\u00bb el_class=\u00a0\u00bbtematica\u00a0\u00bb text_align=\u00a0\u00bbcenter\u00a0\u00bb font_size=\u00a0\u00bb16px\u00a0\u00bb line_height=\u00a0\u00bbnormal\u00a0\u00bb font_weight=\u00a0\u00bb700&Prime; text_transform=\u00a0\u00bbuppercase\u00a0\u00bb]Process Improvement[\/vc_column_text][\/vc_column][\/vc_row][vc_row css_animation=\u00a0\u00bbnone\u00a0\u00bb el_class=\u00a0\u00bbriga_tematica ptd30 pbd50 ptm35&hellip;<\/p>\n","protected":false},"author":1,"featured_media":0,"parent":0,"menu_order":0,"comment_status":"closed","ping_status":"closed","template":"","meta":{"inline_featured_image":false,"footnotes":""},"class_list":["post-868","page","type-page","status-publish","hentry","entry","no-media"],"acf":[],"_links":{"self":[{"href":"https:\/\/innovationawards.sofidel.com\/fr\/wp-json\/wp\/v2\/pages\/868","targetHints":{"allow":["GET"]}}],"collection":[{"href":"https:\/\/innovationawards.sofidel.com\/fr\/wp-json\/wp\/v2\/pages"}],"about":[{"href":"https:\/\/innovationawards.sofidel.com\/fr\/wp-json\/wp\/v2\/types\/page"}],"author":[{"embeddable":true,"href":"https:\/\/innovationawards.sofidel.com\/fr\/wp-json\/wp\/v2\/users\/1"}],"replies":[{"embeddable":true,"href":"https:\/\/innovationawards.sofidel.com\/fr\/wp-json\/wp\/v2\/comments?post=868"}],"version-history":[{"count":5,"href":"https:\/\/innovationawards.sofidel.com\/fr\/wp-json\/wp\/v2\/pages\/868\/revisions"}],"predecessor-version":[{"id":970,"href":"https:\/\/innovationawards.sofidel.com\/fr\/wp-json\/wp\/v2\/pages\/868\/revisions\/970"}],"wp:attachment":[{"href":"https:\/\/innovationawards.sofidel.com\/fr\/wp-json\/wp\/v2\/media?parent=868"}],"curies":[{"name":"wp","href":"https:\/\/api.w.org\/{rel}","templated":true}]}}