{"id":935,"date":"2025-04-30T12:19:02","date_gmt":"2025-04-30T10:19:02","guid":{"rendered":"https:\/\/innovationawards.sofidel.com\/tematiche\/"},"modified":"2025-05-06T09:03:12","modified_gmt":"2025-05-06T07:03:12","slug":"temas","status":"publish","type":"page","link":"https:\/\/innovationawards.sofidel.com\/es\/temas\/","title":{"rendered":"Temas"},"content":{"rendered":"<div class=\"wpb-content-wrapper\">[vc_row css_animation=\u00bbnone\u00bb el_class=\u00bbriga_tematica ptd30 pbd50 ptm35 pbm35 plrm15&#8243; local_scroll_id=\u00bbsafety-first\u00bb][vc_column][vc_column_text css=\u00bb\u00bb el_class=\u00bbtematica\u00bb text_align=\u00bbcenter\u00bb font_size=\u00bb16px\u00bb line_height=\u00bbnormal\u00bb font_weight=\u00bb700&#8243; text_transform=\u00bbuppercase\u00bb]healtH &amp; safety[\/vc_column_text]<style>.vcex-icon-box.vcex_69d2621eabbe7 .vcex-icon-box-content{color:#ffffff;font-size:20px;}.vcex-icon-box.vcex_69d2621eabbe7 .vcex-icon-box-heading{margin-bottom:5px;color:#fbb03b;font-size:50px;font-weight:700;text-transform:capitalize;letter-spacing:-1.5px;line-height:130%;}@media (max-width:767px){.vcex-icon-box.vcex_69d2621eabbe7 .vcex-icon-box-content{font-size:16px;}.vcex-icon-box.vcex_69d2621eabbe7 .vcex-icon-box-heading{font-size:30px;}}@media (max-width:479px){.vcex-icon-box.vcex_69d2621eabbe7 .vcex-icon-box-content{font-size:16px;}.vcex-icon-box.vcex_69d2621eabbe7 .vcex-icon-box-heading{font-size:30px;}}<\/style><div class=\"vcex-module vcex-icon-box vcex-icon-box-one wpex-flex wpex-text-left tematica_icon_box mtd50 mtm35 vcex_69d2621eabbe7\"><div class=\"vcex-icon-box-symbol vcex-icon-box-symbol--image wpex-flex-shrink-0 wpex-mr-20\"><img width=\"161\" height=\"159\" src=\"https:\/\/innovationawards.sofidel.com\/wp-content\/uploads\/2025\/04\/Safety-First-Award.svg\" class=\"vcex-icon-box-image wpex-align-middle\" alt=\"\" loading=\"lazy\" decoding=\"async\" \/><\/div><div class=\"vcex-icon-box-text wpex-flex-grow\"><h2 class=\"vcex-icon-box-heading wpex-h3 wpex-m-0\">Safety First Award<\/h2><div class=\"vcex-icon-box-content wpex-last-mb-0 wpex-clr\"><p>Fomenta ideas que mejoren las pr\u00e1cticas de salud y seguridad en el lugar de trabajo.<\/p>\n<p><span style=\"color: #fbb03b\">Algunos ejemplos:<\/span><br \/>\nnuevos protocolos de seguridad, equipos de protecci\u00f3n avanzados, programas de<br \/>\nformaci\u00f3n, iniciativas de bienestar mental, etc.<\/p>\n<\/div><\/div><\/div>[\/vc_column][\/vc_row][vc_row css_animation=\u00bbnone\u00bb el_class=\u00bbriga_tematica ptd30 pbd50 ptm35 pbm35 plrm15&#8243; local_scroll_id=\u00bbproduct-revolution\u00bb][vc_column][vc_column_text css=\u00bb\u00bb el_class=\u00bbtematica\u00bb text_align=\u00bbcenter\u00bb font_size=\u00bb16px\u00bb line_height=\u00bbnormal\u00bb font_weight=\u00bb700&#8243; text_transform=\u00bbuppercase\u00bb]Product improvement[\/vc_column_text]<style>.vcex-icon-box.vcex_69d2621eaddd6 .vcex-icon-box-content{color:#ffffff;font-size:20px;}.vcex-icon-box.vcex_69d2621eaddd6 .vcex-icon-box-heading{margin-bottom:5px;color:#fbb03b;font-size:50px;font-weight:700;text-transform:none;letter-spacing:-1.5px;line-height:130%;}@media (max-width:767px){.vcex-icon-box.vcex_69d2621eaddd6 .vcex-icon-box-content{font-size:16px;}.vcex-icon-box.vcex_69d2621eaddd6 .vcex-icon-box-heading{font-size:30px;}}@media (max-width:479px){.vcex-icon-box.vcex_69d2621eaddd6 .vcex-icon-box-content{font-size:16px;}.vcex-icon-box.vcex_69d2621eaddd6 .vcex-icon-box-heading{font-size:30px;}}<\/style><div class=\"vcex-module vcex-icon-box vcex-icon-box-one wpex-flex wpex-text-left tematica_icon_box mtd50 mtm35 vcex_69d2621eaddd6\"><div class=\"vcex-icon-box-symbol vcex-icon-box-symbol--image wpex-flex-shrink-0 wpex-mr-20\"><img width=\"159\" height=\"160\" src=\"https:\/\/innovationawards.sofidel.com\/wp-content\/uploads\/2025\/04\/Product-Revolution-Award.svg\" class=\"vcex-icon-box-image wpex-align-middle\" alt=\"\" loading=\"lazy\" decoding=\"async\" \/><\/div><div class=\"vcex-icon-box-text wpex-flex-grow\"><h2 class=\"vcex-icon-box-heading wpex-h3 wpex-m-0\">Product (R)evolution Award<\/h2><div class=\"vcex-icon-box-content wpex-last-mb-0 wpex-clr\"><p>Celebra ideas dirigidas a mejorar productos existentes o desarrollar nuevos, con el objetivo de<br \/>\naumentar la satisfacci\u00f3n del cliente y la competitividad en el mercado.<\/p>\n<p><span style=\"color: #efb254\">Algunos ejemplos:<\/span><br \/>\nfunciones adicionales, experiencia de usuario optimizada, soluciones m\u00e1s<br \/>\nsostenibles, etc.<\/p>\n<\/div><\/div><\/div>[\/vc_column][\/vc_row][vc_row css_animation=\u00bbnone\u00bb el_class=\u00bbriga_tematica ptd30 pbd50 ptm35 pbm35 plrm15&#8243; local_scroll_id=\u00bbefficiency-excellence\u00bb][vc_column][vc_column_text css=\u00bb\u00bb el_class=\u00bbtematica\u00bb text_align=\u00bbcenter\u00bb font_size=\u00bb16px\u00bb line_height=\u00bbnormal\u00bb font_weight=\u00bb700&#8243; text_transform=\u00bbuppercase\u00bb]Process Improvement[\/vc_column_text]<style>.vcex-icon-box.vcex_69d2621eaf14e .vcex-icon-box-content{color:#ffffff;font-size:20px;}.vcex-icon-box.vcex_69d2621eaf14e .vcex-icon-box-heading{margin-bottom:5px;color:#fbb03b;font-size:50px;font-weight:700;text-transform:capitalize;letter-spacing:-1.5px;line-height:130%;}@media (max-width:767px){.vcex-icon-box.vcex_69d2621eaf14e .vcex-icon-box-content{font-size:16px;}.vcex-icon-box.vcex_69d2621eaf14e .vcex-icon-box-heading{font-size:30px;}}@media (max-width:479px){.vcex-icon-box.vcex_69d2621eaf14e .vcex-icon-box-content{font-size:16px;}.vcex-icon-box.vcex_69d2621eaf14e .vcex-icon-box-heading{font-size:30px;}}<\/style><div class=\"vcex-module vcex-icon-box vcex-icon-box-one wpex-flex wpex-text-left tematica_icon_box mtd50 mtm35 vcex_69d2621eaf14e\"><div class=\"vcex-icon-box-symbol vcex-icon-box-symbol--image wpex-flex-shrink-0 wpex-mr-20\"><img width=\"158\" height=\"159\" src=\"https:\/\/innovationawards.sofidel.com\/wp-content\/uploads\/2025\/04\/Efficiency-Excellence-Award.svg\" class=\"vcex-icon-box-image wpex-align-middle\" alt=\"\" loading=\"lazy\" decoding=\"async\" \/><\/div><div class=\"vcex-icon-box-text wpex-flex-grow\"><h2 class=\"vcex-icon-box-heading wpex-h3 wpex-m-0\">Efficiency Excellence Award<\/h2><div class=\"vcex-icon-box-content wpex-last-mb-0 wpex-clr\"><p>Tiene como objetivo aumentar la eficiencia empresarial reduciendo tiempos, costes y complejidad<br \/>\noperativa.<\/p>\n<p><span style=\"color: #fbb03b\">Algunos ejemplos:<\/span><br \/>\nautomatizaci\u00f3n, nuevas herramientas tecnol\u00f3gicas, procedimientos operativos<br \/>\noptimizados, etc.<\/p>\n<\/div><\/div><\/div>[\/vc_column][\/vc_row][vc_row css_animation=\u00bbnone\u00bb el_class=\u00bbriga_tematica ptd30 pbd50 ptm35 pbm35 plrm15&#8243; local_scroll_id=\u00bbcommunity-spirit\u00bb][vc_column][vc_column_text css=\u00bb\u00bb el_class=\u00bbtematica\u00bb text_align=\u00bbcenter\u00bb font_size=\u00bb16px\u00bb line_height=\u00bbnormal\u00bb font_weight=\u00bb700&#8243; text_transform=\u00bbuppercase\u00bb]Sense of Belonging[\/vc_column_text]<style>.vcex-icon-box.vcex_69d2621eb03ce .vcex-icon-box-content{color:#ffffff;font-size:20px;}.vcex-icon-box.vcex_69d2621eb03ce .vcex-icon-box-heading{margin-bottom:5px;color:#fbb03b;font-size:50px;font-weight:700;text-transform:capitalize;letter-spacing:-1.5px;line-height:130%;}@media (max-width:767px){.vcex-icon-box.vcex_69d2621eb03ce .vcex-icon-box-content{font-size:16px;}.vcex-icon-box.vcex_69d2621eb03ce .vcex-icon-box-heading{font-size:30px;}}@media (max-width:479px){.vcex-icon-box.vcex_69d2621eb03ce .vcex-icon-box-content{font-size:16px;}.vcex-icon-box.vcex_69d2621eb03ce .vcex-icon-box-heading{font-size:30px;}}<\/style><div class=\"vcex-module vcex-icon-box vcex-icon-box-one wpex-flex wpex-text-left tematica_icon_box mtd50 mtm35 vcex_69d2621eb03ce\"><div class=\"vcex-icon-box-symbol vcex-icon-box-symbol--image wpex-flex-shrink-0 wpex-mr-20\"><img width=\"159\" height=\"160\" src=\"https:\/\/innovationawards.sofidel.com\/wp-content\/uploads\/2025\/04\/Community-Spirit-Award.svg\" class=\"vcex-icon-box-image wpex-align-middle\" alt=\"\" loading=\"lazy\" decoding=\"async\" \/><\/div><div class=\"vcex-icon-box-text wpex-flex-grow\"><h2 class=\"vcex-icon-box-heading wpex-h3 wpex-m-0\">Community Spirit Award<\/h2><div class=\"vcex-icon-box-content wpex-last-mb-0 wpex-clr\"><p>Fomenta iniciativas que refuercen el compromiso y bienestar de los empleados, promoviendo la<br \/>\ninclusi\u00f3n y la colaboraci\u00f3n.<\/p>\n<p><span style=\"color: #efb254\">Algunos ejemplos:<\/span><br \/>\neventos sociales, programas de mentor\u00eda, sistemas mejorados de comunicaci\u00f3n<br \/>\ninterna, etc.<\/p>\n<\/div><\/div><\/div>[\/vc_column][\/vc_row][vc_row css_animation=\u00bbnone\u00bb el_class=\u00bbriga_tematica ptd30 pbd50 ptm35 pbm35 plrm15&#8243; local_scroll_id=\u00bbgreen-innovator\u00bb][vc_column][vc_column_text css=\u00bb\u00bb el_class=\u00bbtematica\u00bb text_align=\u00bbcenter\u00bb font_size=\u00bb16px\u00bb line_height=\u00bbnormal\u00bb font_weight=\u00bb700&#8243; text_transform=\u00bbuppercase\u00bb]Environmental Impact[\/vc_column_text]<style>.vcex-icon-box.vcex_69d2621eb16e9 .vcex-icon-box-content{color:#ffffff;font-size:20px;}.vcex-icon-box.vcex_69d2621eb16e9 .vcex-icon-box-heading{margin-bottom:5px;color:#fbb03b;font-size:50px;font-weight:700;text-transform:capitalize;letter-spacing:-1.5px;line-height:130%;}@media (max-width:767px){.vcex-icon-box.vcex_69d2621eb16e9 .vcex-icon-box-content{font-size:16px;}.vcex-icon-box.vcex_69d2621eb16e9 .vcex-icon-box-heading{font-size:30px;}}@media (max-width:479px){.vcex-icon-box.vcex_69d2621eb16e9 .vcex-icon-box-content{font-size:16px;}.vcex-icon-box.vcex_69d2621eb16e9 .vcex-icon-box-heading{font-size:30px;}}<\/style><div class=\"vcex-module vcex-icon-box vcex-icon-box-one wpex-flex wpex-text-left tematica_icon_box mtd50 mtm35 vcex_69d2621eb16e9\"><div class=\"vcex-icon-box-symbol vcex-icon-box-symbol--image wpex-flex-shrink-0 wpex-mr-20\"><img width=\"157\" height=\"143\" src=\"https:\/\/innovationawards.sofidel.com\/wp-content\/uploads\/2025\/04\/Green-Innovator-Award.svg\" class=\"vcex-icon-box-image wpex-align-middle\" alt=\"\" loading=\"lazy\" decoding=\"async\" \/><\/div><div class=\"vcex-icon-box-text wpex-flex-grow\"><h2 class=\"vcex-icon-box-heading wpex-h3 wpex-m-0\">Green Innovator Award<\/h2><div class=\"vcex-icon-box-content wpex-last-mb-0 wpex-clr\"><p>Premia ideas que ayuden a reducir la huella ambiental de la empresa, apoyando la transici\u00f3n hacia<br \/>\npr\u00e1cticas sostenibles.<\/p>\n<p><span style=\"color: #efb254\">Algunos ejemplos:<\/span><br \/>\nreducci\u00f3n de residuos, eficiencia energ\u00e9tica, iniciativas para conservar recursos,<br \/>\netc.<\/p>\n<\/div><\/div><\/div>[\/vc_column][\/vc_row][vc_row css_animation=\u00bbnone\u00bb el_class=\u00bbriga_tematica ptd30 pbd50 ptm35 pbm35 plrm15&#8243; local_scroll_id=\u00bblook-beyond\u00bb][vc_column][vc_column_text css=\u00bb\u00bb el_class=\u00bbtematica\u00bb text_align=\u00bbcenter\u00bb font_size=\u00bb16px\u00bb line_height=\u00bbnormal\u00bb font_weight=\u00bb700&#8243; text_transform=\u00bbuppercase\u00bb]Strategic Vision[\/vc_column_text]<style>.vcex-icon-box.vcex_69d2621eb29bf .vcex-icon-box-content{color:#ffffff;font-size:20px;}.vcex-icon-box.vcex_69d2621eb29bf .vcex-icon-box-heading{margin-bottom:5px;color:#fbb03b;font-size:50px;font-weight:700;text-transform:capitalize;letter-spacing:-1.5px;line-height:130%;}@media (max-width:767px){.vcex-icon-box.vcex_69d2621eb29bf .vcex-icon-box-content{font-size:16px;}.vcex-icon-box.vcex_69d2621eb29bf .vcex-icon-box-heading{font-size:30px;}}@media (max-width:479px){.vcex-icon-box.vcex_69d2621eb29bf .vcex-icon-box-content{font-size:16px;}.vcex-icon-box.vcex_69d2621eb29bf .vcex-icon-box-heading{font-size:30px;}}<\/style><div class=\"vcex-module vcex-icon-box vcex-icon-box-one wpex-flex wpex-text-left tematica_icon_box mtd50 mtm35 vcex_69d2621eb29bf\"><div class=\"vcex-icon-box-symbol vcex-icon-box-symbol--image wpex-flex-shrink-0 wpex-mr-20\"><img width=\"159\" height=\"117\" src=\"https:\/\/innovationawards.sofidel.com\/wp-content\/uploads\/2025\/04\/Look-beyond-Award.svg\" class=\"vcex-icon-box-image wpex-align-middle\" alt=\"\" loading=\"lazy\" decoding=\"async\" \/><\/div><div class=\"vcex-icon-box-text wpex-flex-grow\"><h2 class=\"vcex-icon-box-heading wpex-h3 wpex-m-0\">Look beyond Award<\/h2><div class=\"vcex-icon-box-content wpex-last-mb-0 wpex-clr\"><p>Fomenta proyectos de innovaci\u00f3n a largo plazo que anticipen las necesidades futuras del mercado y<br \/>\nla evoluci\u00f3n del negocio.<\/p>\n<p><span style=\"color: #efb254\">Algunos ejemplos:<\/span><br \/>\nproyectos a gran escala que involucren m\u00faltiples \u00e1reas de negocio, soluciones<br \/>\nescalables y modulares, etc.<\/p>\n<\/div><\/div><\/div>[\/vc_column][\/vc_row][vc_row css_animation=\u00bbnone\u00bb el_class=\u00bbriga_tematica ptd30 pbd180 ptm35 pbm70 plrm15&#8243; local_scroll_id=\u00bbup-to-you\u00bb][vc_column][vc_column_text css=\u00bb\u00bb el_class=\u00bbtematica\u00bb text_align=\u00bbcenter\u00bb font_size=\u00bb16px\u00bb line_height=\u00bbnormal\u00bb font_weight=\u00bb700&#8243; text_transform=\u00bbuppercase\u00bb]Wildcard Wonder[\/vc_column_text]<style>.vcex-icon-box.vcex_69d2621eb3b7b .vcex-icon-box-content{color:#ffffff;font-size:20px;}.vcex-icon-box.vcex_69d2621eb3b7b .vcex-icon-box-heading{margin-bottom:5px;color:#fbb03b;font-size:50px;font-weight:700;text-transform:capitalize;letter-spacing:-1.5px;line-height:130%;}@media (max-width:767px){.vcex-icon-box.vcex_69d2621eb3b7b .vcex-icon-box-content{font-size:16px;}.vcex-icon-box.vcex_69d2621eb3b7b .vcex-icon-box-heading{font-size:30px;}}@media (max-width:479px){.vcex-icon-box.vcex_69d2621eb3b7b .vcex-icon-box-content{font-size:16px;}.vcex-icon-box.vcex_69d2621eb3b7b .vcex-icon-box-heading{font-size:30px;}}<\/style><div class=\"vcex-module vcex-icon-box vcex-icon-box-one wpex-flex wpex-text-left tematica_icon_box mtd50 mtm35 vcex_69d2621eb3b7b\"><div class=\"vcex-icon-box-symbol vcex-icon-box-symbol--image wpex-flex-shrink-0 wpex-mr-20\"><img width=\"158\" height=\"194\" src=\"https:\/\/innovationawards.sofidel.com\/wp-content\/uploads\/2025\/04\/Up-to-You-Award.svg\" class=\"vcex-icon-box-image wpex-align-middle\" alt=\"\" loading=\"lazy\" decoding=\"async\" \/><\/div><div class=\"vcex-icon-box-text wpex-flex-grow\"><h2 class=\"vcex-icon-box-heading wpex-h3 wpex-m-0\">Up to You! Award<\/h2><div class=\"vcex-icon-box-content wpex-last-mb-0 wpex-clr\"><p>Una categor\u00eda abierta para ideas innovadoras que no encajan en las dem\u00e1s \u00e1reas, pero que aportan<br \/>\nvalor a la empresa.<\/p>\n<p><span style=\"color: #efb254\">Algunos ejemplos:<\/span><br \/>\nproyectos creativos, soluciones fuera de lo com\u00fan, etc.<\/p>\n<\/div><\/div><\/div>[\/vc_column][\/vc_row]\n<\/div>","protected":false},"excerpt":{"rendered":"<p>[vc_row css_animation=\u00bbnone\u00bb el_class=\u00bbriga_tematica ptd30 pbd50 ptm35 pbm35 plrm15&#8243; local_scroll_id=\u00bbsafety-first\u00bb][vc_column][vc_column_text css=\u00bb\u00bb el_class=\u00bbtematica\u00bb text_align=\u00bbcenter\u00bb font_size=\u00bb16px\u00bb line_height=\u00bbnormal\u00bb font_weight=\u00bb700&#8243; text_transform=\u00bbuppercase\u00bb]healtH &amp; safety[\/vc_column_text][\/vc_column][\/vc_row][vc_row css_animation=\u00bbnone\u00bb el_class=\u00bbriga_tematica ptd30 pbd50 ptm35 pbm35 plrm15&#8243; local_scroll_id=\u00bbproduct-revolution\u00bb][vc_column][vc_column_text css=\u00bb\u00bb el_class=\u00bbtematica\u00bb text_align=\u00bbcenter\u00bb font_size=\u00bb16px\u00bb line_height=\u00bbnormal\u00bb font_weight=\u00bb700&#8243; text_transform=\u00bbuppercase\u00bb]Product improvement[\/vc_column_text][\/vc_column][\/vc_row][vc_row css_animation=\u00bbnone\u00bb el_class=\u00bbriga_tematica ptd30 pbd50 ptm35 pbm35 plrm15&#8243; local_scroll_id=\u00bbefficiency-excellence\u00bb][vc_column][vc_column_text css=\u00bb\u00bb el_class=\u00bbtematica\u00bb text_align=\u00bbcenter\u00bb font_size=\u00bb16px\u00bb line_height=\u00bbnormal\u00bb font_weight=\u00bb700&#8243; text_transform=\u00bbuppercase\u00bb]Process Improvement[\/vc_column_text][\/vc_column][\/vc_row][vc_row css_animation=\u00bbnone\u00bb el_class=\u00bbriga_tematica ptd30 pbd50 ptm35&hellip;<\/p>\n","protected":false},"author":1,"featured_media":0,"parent":0,"menu_order":0,"comment_status":"closed","ping_status":"closed","template":"","meta":{"inline_featured_image":false,"footnotes":""},"class_list":["post-935","page","type-page","status-publish","hentry","entry","no-media"],"acf":[],"_links":{"self":[{"href":"https:\/\/innovationawards.sofidel.com\/es\/wp-json\/wp\/v2\/pages\/935","targetHints":{"allow":["GET"]}}],"collection":[{"href":"https:\/\/innovationawards.sofidel.com\/es\/wp-json\/wp\/v2\/pages"}],"about":[{"href":"https:\/\/innovationawards.sofidel.com\/es\/wp-json\/wp\/v2\/types\/page"}],"author":[{"embeddable":true,"href":"https:\/\/innovationawards.sofidel.com\/es\/wp-json\/wp\/v2\/users\/1"}],"replies":[{"embeddable":true,"href":"https:\/\/innovationawards.sofidel.com\/es\/wp-json\/wp\/v2\/comments?post=935"}],"version-history":[{"count":3,"href":"https:\/\/innovationawards.sofidel.com\/es\/wp-json\/wp\/v2\/pages\/935\/revisions"}],"predecessor-version":[{"id":972,"href":"https:\/\/innovationawards.sofidel.com\/es\/wp-json\/wp\/v2\/pages\/935\/revisions\/972"}],"wp:attachment":[{"href":"https:\/\/innovationawards.sofidel.com\/es\/wp-json\/wp\/v2\/media?parent=935"}],"curies":[{"name":"wp","href":"https:\/\/api.w.org\/{rel}","templated":true}]}}