{"id":840,"date":"2021-08-24T14:50:27","date_gmt":"2021-08-24T12:50:27","guid":{"rendered":"https:\/\/innovationawards.sofidel.com\/privacy-e-cookie-policy\/"},"modified":"2025-05-07T10:10:04","modified_gmt":"2025-05-07T08:10:04","slug":"privacidad-e-politica-de-cookies","status":"publish","type":"page","link":"https:\/\/innovationawards.sofidel.com\/es\/privacidad-e-politica-de-cookies\/","title":{"rendered":"Privacidad e Pol\u00edtica de Cookies"},"content":{"rendered":"<div class=\"wpb-content-wrapper\">[vc_row css=\u00bb.vc_custom_1727942800141{margin-top: 40px !important;margin-bottom: 40px !important;}\u00bb][vc_column][vc_column_text css=\u00bb\u00bb]<b>Informaci\u00f3n de conformidad con el art. 13 del Reglamento (UE) 2016\/679 sobre el tratamiento de datos personales<\/b><\/p>\n<p><span style=\"font-weight: 400;\">Esta informaci\u00f3n proporcionada de conformidad con el art\u00edculo 13 del Reglamento (UE) 2016\/679 (en adelante, \u00abGDPR\u00bb) se refiere a los datos personales solicitados por Sofidel S.p.a. para permitir la participaci\u00f3n en la iniciativa \u00abSofidel Innovation Award\u00bb (en adelante, la \u00abIniciativa\u00bb).<\/span><\/p>\n<p>&nbsp;<\/p>\n<ol>\n<li><b> Responsable del tratamiento y encargado de la protecci\u00f3n de datos<\/b><\/li>\n<\/ol>\n<p><span style=\"font-weight: 400;\">Los datos personales del participante en la Iniciativa (en adelante, \u00abDatos Personales\u00bb) ser\u00e1n procesados por Sofidel S.p.A., Via Giuseppe Lazzareschi, 23 &#8211; 55016 Porcari (LU), en su calidad de responsable del tratamiento de datos (en adelante, \u00abSofidel\u00bb o \u00abResponsable del Tratamiento\u00bb).<\/span><\/p>\n<p><span style=\"font-weight: 400;\">Puede ponerse en contacto con el titular de la protecci\u00f3n de datos (\u00abData Protection Officer\u00bb o \u00abDPO\u00bb) de Sofidel:<\/span><\/p>\n<ul>\n<li style=\"font-weight: 400;\" aria-level=\"1\"><span style=\"font-weight: 400;\">por correo electr\u00f3nico, a la direcci\u00f3n:\u00a0 dpo.holding@sofidel.com.<\/span><\/li>\n<li style=\"font-weight: 400;\" aria-level=\"1\"><span style=\"font-weight: 400;\">por correo ordinario, a la direcci\u00f3n arriba indicada.<\/span><\/li>\n<\/ul>\n<p>&nbsp;<\/p>\n<ol start=\"2\">\n<li><b> Tipos de datos objeto de tratamiento<\/b><\/li>\n<\/ol>\n<p><span style=\"font-weight: 400;\">Los datos personales tratados por el Responsable del tratamiento incluyen nombre, apellidos.\u00a0<\/span><\/p>\n<p>&nbsp;<\/p>\n<ol start=\"3\">\n<li><b> Finalidad y base jur\u00eddica del tratamiento de datos personales<\/b><\/li>\n<\/ol>\n<p><span style=\"font-weight: 400;\">Los datos personales se tratar\u00e1n para gestionar la solicitud de participaci\u00f3n en la Iniciativa. La base jur\u00eddica para el tratamiento es el art. 6, apdo. 1, let. b) del RGPD, es decir, la solicitud del interesado. El suministro de datos personales es opcional, pero si no se facilitan, no ser\u00e1 posible participar en la Iniciativa.<\/span><\/p>\n<p><span style=\"font-weight: 400;\">Una vez facilitados, los datos tambi\u00e9n podr\u00e1n tratarse para los siguientes fines:<\/span><\/p>\n<p><span style=\"font-weight: 400;\">&#8211; cumplimiento de cualquier obligaci\u00f3n normativa a la que est\u00e9 sujeto el responsable del tratamiento; la base jur\u00eddica del tratamiento es el art\u00edculo 6, apdo. 1, let. c) del Reglamento, es decir, la existencia de una obligaci\u00f3n jur\u00eddica;<\/span><\/p>\n<p><span style=\"font-weight: 400;\">&#8211; posibles fines de car\u00e1cter defensivo; la base jur\u00eddica se encuentra en el art. 6, apdo. 1, let. f) del Reglamento, es decir, la necesidad de defenderse ante los tribunales.<\/span><\/p>\n<p>&nbsp;<\/p>\n<ol start=\"4\">\n<li><b> Conservaci\u00f3n de los datos personales<\/b><\/li>\n<\/ol>\n<p><span style=\"font-weight: 400;\">Los datos personales solo se conservar\u00e1n durante el tiempo necesario para los fines para los que se recogieron, es decir, hasta el 31\/12\/2025, fecha a partir de la cual se suprimir\u00e1n definitivamente.\u00a0<\/span><\/p>\n<p>&nbsp;<\/p>\n<ol start=\"5\">\n<li><b> Destinatarios de los datos personales<\/b><\/li>\n<\/ol>\n<p><span style=\"font-weight: 400;\">Los datos personales pueden compartirse con:<\/span><\/p>\n<ul>\n<li style=\"font-weight: 400;\" aria-level=\"1\"><span style=\"font-weight: 400;\">partes que normalmente act\u00faan como controladores de datos en el sentido del art\u00edculo 28 del RGPD (por ejemplo, Mentarossa, Via Provinciale Lungomonte 33, una agencia proveedora a la que el Responsable conf\u00eda el cuidado y la gesti\u00f3n de la Iniciativa);<\/span><\/li>\n<li style=\"font-weight: 400;\" aria-level=\"1\"><span style=\"font-weight: 400;\">personal autorizado del tratamiento de los datos de conformidad con el art\u00edculo 29 del RGPD;<\/span><\/li>\n<li style=\"font-weight: 400;\" aria-level=\"1\"><span style=\"font-weight: 400;\">las empresas del Grupo Sofidel, como responsables aut\u00f3nomos del tratamiento, con fines administrativo-contables sobre la base de un inter\u00e9s leg\u00edtimo en el sentido del art. 6, apdo 1, letra f), y de los considerandos 47 y 48 del Reglamento;<\/span><\/li>\n<li style=\"font-weight: 400;\" aria-level=\"1\"><span style=\"font-weight: 400;\">sujetos, entidades o autoridades, responsables aut\u00f3nomos del tratamiento, a los que sea obligatorio comunicar datos personales en virtud de disposiciones legales u \u00f3rdenes de las autoridades.<\/span><\/li>\n<\/ul>\n<p>&nbsp;<\/p>\n<p><span style=\"font-weight: 400;\">La lista actualizada y completa de destinatarios de datos personales est\u00e1 disponible en el domicilio social del responsable del tratamiento y puede solicitarse al responsable del tratamiento y al DPO en las direcciones antes mencionadas.<\/span><\/p>\n<p>&nbsp;<\/p>\n<ol start=\"4\">\n<li><b> Transferencia de datos personales fuera de la UE<\/b><\/li>\n<\/ol>\n<p><span style=\"font-weight: 400;\">El Responsable del tratamiento hace saber que los datos personales no se transferir\u00e1n fuera del territorio de la Uni\u00f3n Europea.<\/span><\/p>\n<p>&nbsp;<\/p>\n<ol start=\"5\">\n<li><b> Modalidades de tratamiento de los datos personales<\/b><\/li>\n<\/ol>\n<p><span style=\"font-weight: 400;\">El tratamiento de los datos personales se realizar\u00e1 mediante soportes y\/o instrumentos inform\u00e1ticos, manuales y\/o telem\u00e1ticos, con l\u00f3gica estrictamente relacionada con las finalidades del tratamiento y garantizando en todo caso la confidencialidad y seguridad de los datos y en cumplimiento del Reglamento y de las disposiciones aplicables del supervisor para la protecci\u00f3n de los datos personales.\u00a0<\/span><\/p>\n<p>&nbsp;<\/p>\n<ol start=\"6\">\n<li><b> Los derechos del interesado<\/b><\/li>\n<\/ol>\n<p><span style=\"font-weight: 400;\">El interesado tiene derecho a acceder a sus datos personales en cualquier momento, de conformidad con los art\u00ed. 15 a 22 del RGPD. En particular, podr\u00e1 solicitar la rectificaci\u00f3n, cancelaci\u00f3n o limitaci\u00f3n del tratamiento de sus datos en los casos previstos en el art. 18 del RGPD, a retirar el consentimiento, a obtener la portabilidad de los datos que le conciernen en los casos previstos en el art. 20 del RGPD.\u00a0<\/span><\/p>\n<p><span style=\"font-weight: 400;\">El interesado tambi\u00e9n podr\u00e1 formular una solicitud de oposici\u00f3n al tratamiento de sus datos con arreglo al art. 21 del RGPD, en la que deber\u00e1 acreditar los motivos que justifiquen la oposici\u00f3n; el Responsable del tratamiento se reserva el derecho a evaluar esta solicitud, que podr\u00e1 no ser aceptada si existen motivos leg\u00edtimos para el tratamiento que prevalezcan sobre sus intereses, derechos y libertades.\u00a0<\/span><\/p>\n<p><span style=\"font-weight: 400;\">Las solicitudes deben dirigirse por escrito al Responsable del tratamiento o al DPO a las direcciones anteriomente mencionadas.<\/span><\/p>\n<p>&nbsp;<\/p>\n<ol start=\"7\">\n<li><b> Reclamaci\u00f3n al supervisor\u00a0<\/b><\/li>\n<\/ol>\n<p><span style=\"font-weight: 400;\">Si el interesado considera que el tratamiento de datos personales llevado a cabo por el Responsable del tratamiento infringe las disposiciones del RGPD, tiene derecho a presentar una reclamaci\u00f3n ante la Autoridad de supervisi\u00f3n seg\u00fan lo dispuesto en el art. 77 del propio RGPD, o para emprender las acciones legales pertinentes de conformidad con el art. 79 del RGPD.<\/span>[\/vc_column_text][\/vc_column][\/vc_row][vc_row css=\u00bb.vc_custom_1746604529568{margin-top: 40px !important;margin-bottom: 40px !important;}\u00bb][vc_column el_class=\u00bbwhite\u00bb][vc_raw_html css=\u00bb\u00bb]JTNDZGl2JTIwY2xhc3MlM0QlMjJ3aGl0ZSUyMHVjLWVtYmVkJTIyJTNFJTNDJTJGZGl2JTNF[\/vc_raw_html][\/vc_column][\/vc_row]\n<\/div>","protected":false},"excerpt":{"rendered":"<p>[vc_row css=\u00bb.vc_custom_1727942800141{margin-top: 40px !important;margin-bottom: 40px !important;}\u00bb][vc_column][vc_column_text css=\u00bb\u00bb]Informaci\u00f3n de conformidad con el art. 13 del Reglamento (UE) 2016\/679 sobre el tratamiento de datos personales Esta informaci\u00f3n proporcionada de conformidad con el art\u00edculo 13 del Reglamento (UE) 2016\/679 (en adelante, \u00abGDPR\u00bb) se refiere a los datos personales solicitados por Sofidel S.p.a. para permitir la participaci\u00f3n en la&hellip;<\/p>\n","protected":false},"author":1,"featured_media":0,"parent":0,"menu_order":0,"comment_status":"closed","ping_status":"open","template":"","meta":{"inline_featured_image":false,"footnotes":""},"class_list":["post-840","page","type-page","status-publish","hentry","entry","no-media"],"acf":[],"_links":{"self":[{"href":"https:\/\/innovationawards.sofidel.com\/es\/wp-json\/wp\/v2\/pages\/840","targetHints":{"allow":["GET"]}}],"collection":[{"href":"https:\/\/innovationawards.sofidel.com\/es\/wp-json\/wp\/v2\/pages"}],"about":[{"href":"https:\/\/innovationawards.sofidel.com\/es\/wp-json\/wp\/v2\/types\/page"}],"author":[{"embeddable":true,"href":"https:\/\/innovationawards.sofidel.com\/es\/wp-json\/wp\/v2\/users\/1"}],"replies":[{"embeddable":true,"href":"https:\/\/innovationawards.sofidel.com\/es\/wp-json\/wp\/v2\/comments?post=840"}],"version-history":[{"count":3,"href":"https:\/\/innovationawards.sofidel.com\/es\/wp-json\/wp\/v2\/pages\/840\/revisions"}],"predecessor-version":[{"id":1073,"href":"https:\/\/innovationawards.sofidel.com\/es\/wp-json\/wp\/v2\/pages\/840\/revisions\/1073"}],"wp:attachment":[{"href":"https:\/\/innovationawards.sofidel.com\/es\/wp-json\/wp\/v2\/media?parent=840"}],"curies":[{"name":"wp","href":"https:\/\/api.w.org\/{rel}","templated":true}]}}